{"id":2696,"date":"2025-03-03T18:18:26","date_gmt":"2025-03-03T21:18:26","guid":{"rendered":"https:\/\/cincuenta.com.br\/polinize\/?post_type=product&#038;p=2696"},"modified":"2025-04-01T16:05:36","modified_gmt":"2025-04-01T19:05:36","slug":"memoriza","status":"publish","type":"product","link":"https:\/\/cincuenta.com.br\/polinize\/produto\/memoriza\/","title":{"rendered":"Memoriza"},"content":{"rendered":"<div id=\"dslc-theme-content\"><div id=\"dslc-theme-content-inner\"><\/div><\/div>","protected":false},"excerpt":{"rendered":"<p>Este composto Floral age sobre as vibra\u00e7\u00f5es e est\u00edmulos relacionados \u00e0 mem\u00f3ria, melhorando a capacidade de concentra\u00e7\u00e3o, memoriza\u00e7\u00e3o, foco e aprendizado. Composi\u00e7\u00e3o: 3ppm de ess\u00eancia floral l\u00edquida, \u00e1gua e Brandy.<\/p>\n<p style=\"font-size: 14.4px;\">USO ADULTO E PEDI\u00c1TRICO. CONT\u00c9M BAIXO TEOR ALCO\u00d3LICO. N\u00c3O CONT\u00c9M GL\u00daTEN.<\/p>\n<p style=\"font-size: 14.4px;\">V\u00e1lido por 3 anos ap\u00f3s a data de fabrica\u00e7\u00e3o e por 2 meses ap\u00f3s aberto. Conservar em temperatura ambiente em local seco e arejado, longe da luz e do calor. Para manter a qualidade do produto, n\u00e3o toque a c\u00e2nula com a l\u00edngua ou m\u00e3os.<\/p>\n","protected":false},"featured_media":2698,"template":"","meta":[],"product_cat":[21],"product_tag":[],"class_list":{"0":"post-2696","1":"product","2":"type-product","3":"status-publish","4":"has-post-thumbnail","6":"product_cat-florais-de-bach-adulto","8":"first","9":"instock","10":"shipping-taxable","11":"purchasable","12":"product-type-simple"},"_links":{"self":[{"href":"https:\/\/cincuenta.com.br\/polinize\/wp-json\/wp\/v2\/product\/2696"}],"collection":[{"href":"https:\/\/cincuenta.com.br\/polinize\/wp-json\/wp\/v2\/product"}],"about":[{"href":"https:\/\/cincuenta.com.br\/polinize\/wp-json\/wp\/v2\/types\/product"}],"wp:featuredmedia":[{"embeddable":true,"href":"https:\/\/cincuenta.com.br\/polinize\/wp-json\/wp\/v2\/media\/2698"}],"wp:attachment":[{"href":"https:\/\/cincuenta.com.br\/polinize\/wp-json\/wp\/v2\/media?parent=2696"}],"wp:term":[{"taxonomy":"product_cat","embeddable":true,"href":"https:\/\/cincuenta.com.br\/polinize\/wp-json\/wp\/v2\/product_cat?post=2696"},{"taxonomy":"product_tag","embeddable":true,"href":"https:\/\/cincuenta.com.br\/polinize\/wp-json\/wp\/v2\/product_tag?post=2696"}],"curies":[{"name":"wp","href":"https:\/\/api.w.org\/{rel}","templated":true}]}}