{"id":2539,"date":"2024-11-08T08:39:37","date_gmt":"2024-11-08T11:39:37","guid":{"rendered":"https:\/\/cincuenta.com.br\/polinize\/?post_type=product&#038;p=2539"},"modified":"2024-11-08T10:43:41","modified_gmt":"2024-11-08T13:43:41","slug":"fase-de-choro-e-pouco-sono","status":"publish","type":"product","link":"https:\/\/cincuenta.com.br\/polinize\/produto\/fase-de-choro-e-pouco-sono\/","title":{"rendered":"Fase de Choro e Pouco Sono"},"content":{"rendered":"<div id=\"dslc-theme-content\"><div id=\"dslc-theme-content-inner\"><\/div><\/div>","protected":false},"excerpt":{"rendered":"<p><span style=\"font-size: 80%;\">Equivalente \u00e0 F\u00f3rmula &#8211; <strong>Fase de Choro Excessivo<\/strong><\/span><\/p>\n<p>Esta f\u00f3rmula ajuda a tranquilizar e acalmar crian\u00e7as que choram sem raz\u00e3o aparente, al\u00e9m de melhorar a qualidade do sono, tornando-o mais tranquilo e duradouro. Tamb\u00e9m para crian\u00e7as\/beb\u00eas que se agitam durante a noite, acordando com frequ\u00eancia ou que sentem-se inseguros e n\u00e3o querem dormir no seu quarto. Composi\u00e7\u00e3o: 3ppm de ess\u00eancia floral l\u00edquida (<em>Prunus cerasifera, Cichorium intybus, Juglans regia, Mimulus guttatus, Agrimonia eupatoria, Impatiens glandulifera<\/em>), \u00e1gua e Brandy.<\/p>\n","protected":false},"featured_media":1741,"template":"","meta":[],"product_cat":[22],"product_tag":[],"class_list":{"0":"post-2539","1":"product","2":"type-product","3":"status-publish","4":"has-post-thumbnail","6":"product_cat-florais-de-bach-kids","8":"first","9":"instock","10":"shipping-taxable","11":"purchasable","12":"product-type-simple"},"_links":{"self":[{"href":"https:\/\/cincuenta.com.br\/polinize\/wp-json\/wp\/v2\/product\/2539"}],"collection":[{"href":"https:\/\/cincuenta.com.br\/polinize\/wp-json\/wp\/v2\/product"}],"about":[{"href":"https:\/\/cincuenta.com.br\/polinize\/wp-json\/wp\/v2\/types\/product"}],"wp:featuredmedia":[{"embeddable":true,"href":"https:\/\/cincuenta.com.br\/polinize\/wp-json\/wp\/v2\/media\/1741"}],"wp:attachment":[{"href":"https:\/\/cincuenta.com.br\/polinize\/wp-json\/wp\/v2\/media?parent=2539"}],"wp:term":[{"taxonomy":"product_cat","embeddable":true,"href":"https:\/\/cincuenta.com.br\/polinize\/wp-json\/wp\/v2\/product_cat?post=2539"},{"taxonomy":"product_tag","embeddable":true,"href":"https:\/\/cincuenta.com.br\/polinize\/wp-json\/wp\/v2\/product_tag?post=2539"}],"curies":[{"name":"wp","href":"https:\/\/api.w.org\/{rel}","templated":true}]}}