{"id":2538,"date":"2024-11-08T09:38:59","date_gmt":"2024-11-08T12:38:59","guid":{"rendered":"https:\/\/cincuenta.com.br\/polinize\/?post_type=product&#038;p=2538"},"modified":"2024-11-08T10:43:36","modified_gmt":"2024-11-08T13:43:36","slug":"fase-de-hiperatividade","status":"publish","type":"product","link":"https:\/\/cincuenta.com.br\/polinize\/produto\/fase-de-hiperatividade\/","title":{"rendered":"Fase de Hiperatividade"},"content":{"rendered":"<div id=\"dslc-theme-content\"><div id=\"dslc-theme-content-inner\"><\/div><\/div>","protected":false},"excerpt":{"rendered":"<p><span style=\"font-size: 80%;\">Equivalente a F\u00f3rmula \u2013 <strong>Sentimento de Agita\u00e7\u00e3o e Impaci\u00eancia<\/strong><\/span><\/p>\n<p>Estar constantemente em movimento, deixar o lugar onde est\u00e1 de maneira s\u00fabita, atitudes impulsivas, nervosismo, agita\u00e7\u00e3o e dificuldade em manter o foco e aten\u00e7\u00e3o numa tarefa ou assunto s\u00e3o caracter\u00edsticas frequentes em situa\u00e7\u00f5es de hiperatividade. Os Florais de Bach s\u00e3o aliados naturais como terapia complementar e podem contribuir de forma significativa para o reequil\u00edbrio emocional da crian\u00e7a hiperativa. Composi\u00e7\u00e3o: 3ppm de ess\u00eancia floral l\u00edquida (<em>Ceratostigma willmottiana, Aesculus hippocastanum, Calluna vulgaris, Clematis vitalba, Impatiens glandulifera<\/em>), \u00e1gua e Brandy.<\/p>\n","protected":false},"featured_media":1734,"template":"","meta":[],"product_cat":[22],"product_tag":[],"class_list":{"0":"post-2538","1":"product","2":"type-product","3":"status-publish","4":"has-post-thumbnail","6":"product_cat-florais-de-bach-kids","8":"first","9":"instock","10":"shipping-taxable","11":"purchasable","12":"product-type-simple"},"_links":{"self":[{"href":"https:\/\/cincuenta.com.br\/polinize\/wp-json\/wp\/v2\/product\/2538"}],"collection":[{"href":"https:\/\/cincuenta.com.br\/polinize\/wp-json\/wp\/v2\/product"}],"about":[{"href":"https:\/\/cincuenta.com.br\/polinize\/wp-json\/wp\/v2\/types\/product"}],"wp:featuredmedia":[{"embeddable":true,"href":"https:\/\/cincuenta.com.br\/polinize\/wp-json\/wp\/v2\/media\/1734"}],"wp:attachment":[{"href":"https:\/\/cincuenta.com.br\/polinize\/wp-json\/wp\/v2\/media?parent=2538"}],"wp:term":[{"taxonomy":"product_cat","embeddable":true,"href":"https:\/\/cincuenta.com.br\/polinize\/wp-json\/wp\/v2\/product_cat?post=2538"},{"taxonomy":"product_tag","embeddable":true,"href":"https:\/\/cincuenta.com.br\/polinize\/wp-json\/wp\/v2\/product_tag?post=2538"}],"curies":[{"name":"wp","href":"https:\/\/api.w.org\/{rel}","templated":true}]}}