{"id":2537,"date":"2024-11-08T10:37:54","date_gmt":"2024-11-08T13:37:54","guid":{"rendered":"https:\/\/cincuenta.com.br\/polinize\/?post_type=product&#038;p=2537"},"modified":"2024-11-08T10:38:26","modified_gmt":"2024-11-08T13:38:26","slug":"sentimento-de-ansiedade-2","status":"publish","type":"product","link":"https:\/\/cincuenta.com.br\/polinize\/produto\/sentimento-de-ansiedade-2\/","title":{"rendered":"Sentimento de Ansiedade"},"content":{"rendered":"<div id=\"dslc-theme-content\"><div id=\"dslc-theme-content-inner\"><\/div><\/div>","protected":false},"excerpt":{"rendered":"<p><span style=\"font-size: 80%;\">Equivalente \u00e0 F\u00f3rmula &#8211; <strong>Sentimento de Ang\u00fastia e Afli\u00e7\u00e3o<\/strong><\/span><\/p>\n<p>Com as crian\u00e7as n\u00e3o \u00e9 diferente: elas tamb\u00e9m tem medo e ansiedade com frequ\u00eancia. Contudo, a maioria dos medos e ansiedade infantis s\u00e3o normais, muitas vezes decorrentes do processo de aprendizagem em cada fase e que desaparecem naturalmente com o tempo. A ansiedade passa a ser um problema quando se torna disfuncional e impede a crian\u00e7a de realizar tarefas simples como dormir, brincar ou ir \u00e0 escola. Este composto floral atua como terapia complementar harmonizando as emo\u00e7\u00f5es, trazendo de volta sentimentos de serenidade, paci\u00eancia, toler\u00e2ncia e bem estar \u00e0 crian\u00e7a. Composi\u00e7\u00e3o: 3ppm de ess\u00eancia floral l\u00edquida (<em>Ceratostigma willmottiana, Prunus cerasifera, Helianthemum nummularium, Aesculus hippocastanum, Impatiens glandulifera, Agrimonia eupatoria<\/em>), \u00e1gua e Brandy.<\/p>\n","protected":false},"featured_media":1916,"template":"","meta":[],"product_cat":[22],"product_tag":[],"class_list":{"0":"post-2537","1":"product","2":"type-product","3":"status-publish","4":"has-post-thumbnail","6":"product_cat-florais-de-bach-kids","8":"first","9":"instock","10":"shipping-taxable","11":"purchasable","12":"product-type-simple"},"_links":{"self":[{"href":"https:\/\/cincuenta.com.br\/polinize\/wp-json\/wp\/v2\/product\/2537"}],"collection":[{"href":"https:\/\/cincuenta.com.br\/polinize\/wp-json\/wp\/v2\/product"}],"about":[{"href":"https:\/\/cincuenta.com.br\/polinize\/wp-json\/wp\/v2\/types\/product"}],"wp:featuredmedia":[{"embeddable":true,"href":"https:\/\/cincuenta.com.br\/polinize\/wp-json\/wp\/v2\/media\/1916"}],"wp:attachment":[{"href":"https:\/\/cincuenta.com.br\/polinize\/wp-json\/wp\/v2\/media?parent=2537"}],"wp:term":[{"taxonomy":"product_cat","embeddable":true,"href":"https:\/\/cincuenta.com.br\/polinize\/wp-json\/wp\/v2\/product_cat?post=2537"},{"taxonomy":"product_tag","embeddable":true,"href":"https:\/\/cincuenta.com.br\/polinize\/wp-json\/wp\/v2\/product_tag?post=2537"}],"curies":[{"name":"wp","href":"https:\/\/api.w.org\/{rel}","templated":true}]}}