{"id":2102,"date":"2023-09-10T20:18:41","date_gmt":"2023-09-10T23:18:41","guid":{"rendered":"https:\/\/polinizeflorais.com.br\/?post_type=product&#038;p=2102"},"modified":"2025-04-01T16:15:25","modified_gmt":"2025-04-01T19:15:25","slug":"peso-saudavel","status":"publish","type":"product","link":"https:\/\/cincuenta.com.br\/polinize\/produto\/peso-saudavel\/","title":{"rendered":"Peso Saud\u00e1vel"},"content":{"rendered":"<div id=\"dslc-theme-content\"><div id=\"dslc-theme-content-inner\"><\/div><\/div>","protected":false},"excerpt":{"rendered":"<p><span style=\"font-size: 80%;\">Equivalente \u00e0 F\u00f3rmula &#8211;\u00a0<b>Momento Fitness<\/b><\/span><\/p>\n<p><strong>Este composto floral \u00e9 utilizado como terapia complementar para o controle de peso e dist\u00farbios alimentares, equilibrando as emo\u00e7\u00f5es que n\u00e3o estejam em harmonia, pois frequentemente estes sentimentos desarm\u00f4nicos est\u00e3o presentes em situa\u00e7\u00f5es ou per\u00edodos da vida como este (controle do peso).<\/strong><\/p>\n<p>Composi\u00e7\u00e3o: 3ppm de ess\u00eancia floral, \u00e1gua e Brandy.<\/p>\n<p>USO ADULTO E PEDI\u00c1TRICO. CONT\u00c9M BAIXO TEOR ALCO\u00d3LICO. N\u00c3O CONT\u00c9M GL\u00daTEN.<\/p>\n<p>V\u00e1lido por 3 anos ap\u00f3s a data de fabrica\u00e7\u00e3o e por 2 meses ap\u00f3s aberto. Conservar em temperatura ambiente em local seco e arejado, longe da luz e do calor. Para manter a qualidade do produto, n\u00e3o toque a c\u00e2nula com a l\u00edngua ou m\u00e3os.<\/p>\n<p>Modo de Uso: Tomar 4 gotas tr\u00eas vezes ao dia. O uso pode ser sublingual ou dilu\u00eddo em \u00e1gua se desejar atenuar o gosto.<\/p>\n","protected":false},"featured_media":2702,"template":"","meta":[],"product_cat":[21],"product_tag":[],"class_list":{"0":"post-2102","1":"product","2":"type-product","3":"status-publish","4":"has-post-thumbnail","6":"product_cat-florais-de-bach-adulto","8":"first","9":"instock","10":"shipping-taxable","11":"purchasable","12":"product-type-simple"},"_links":{"self":[{"href":"https:\/\/cincuenta.com.br\/polinize\/wp-json\/wp\/v2\/product\/2102"}],"collection":[{"href":"https:\/\/cincuenta.com.br\/polinize\/wp-json\/wp\/v2\/product"}],"about":[{"href":"https:\/\/cincuenta.com.br\/polinize\/wp-json\/wp\/v2\/types\/product"}],"wp:featuredmedia":[{"embeddable":true,"href":"https:\/\/cincuenta.com.br\/polinize\/wp-json\/wp\/v2\/media\/2702"}],"wp:attachment":[{"href":"https:\/\/cincuenta.com.br\/polinize\/wp-json\/wp\/v2\/media?parent=2102"}],"wp:term":[{"taxonomy":"product_cat","embeddable":true,"href":"https:\/\/cincuenta.com.br\/polinize\/wp-json\/wp\/v2\/product_cat?post=2102"},{"taxonomy":"product_tag","embeddable":true,"href":"https:\/\/cincuenta.com.br\/polinize\/wp-json\/wp\/v2\/product_tag?post=2102"}],"curies":[{"name":"wp","href":"https:\/\/api.w.org\/{rel}","templated":true}]}}