{"id":2099,"date":"2023-09-10T20:17:00","date_gmt":"2023-09-10T23:17:00","guid":{"rendered":"https:\/\/polinizeflorais.com.br\/?post_type=product&#038;p=2099"},"modified":"2024-11-08T10:18:00","modified_gmt":"2024-11-08T13:18:00","slug":"estado-de-depressao","status":"publish","type":"product","link":"https:\/\/cincuenta.com.br\/polinize\/produto\/estado-de-depressao\/","title":{"rendered":"Estado de Depress\u00e3o"},"content":{"rendered":"<div id=\"dslc-theme-content\"><div id=\"dslc-theme-content-inner\"><\/div><\/div>","protected":false},"excerpt":{"rendered":"<p><span style=\"font-size: 80%;\">Equivalente \u00e0 f\u00f3rmula &#8211;\u00a0<b>Sentimento de Tristeza e Melancolia<\/b><\/span><\/p>\n<p><strong>Abatimento, enfraquecimento f\u00edsico ou emocional, des\u00e2nimo e esgotamento. Este composto \ufb02oral foi cuidadosamente desenvolvido para aqueles que se sentem tristes, desesperados, com melancolia e que precisam aumentar a alegria interior, fazendo despertar o interesse pela vida, a iniciativa, a coragem e a motiva\u00e7\u00e3o.<\/strong><\/p>\n<p>Composi\u00e7\u00e3o: 3ppm de ess\u00eancia \ufb02oral l\u00edquida\u00a0<em>(Mimulus guttatus, Sinapis arvensis, Malus sylvestris\u2010Malus pumila, Helianthemum nummularium, Salix vitellina, Populus tremula, Olea europaea)<\/em>, \u00e1gua e Brandy.<\/p>\n<p>USO ADULTO E PEDI\u00c1TRICO. CONT\u00c9M BAIXO TEOR ALCO\u00d3LICO. N\u00c3O CONT\u00c9M GL\u00daTEN.<\/p>\n<p>V\u00e1lido por 3 anos ap\u00f3s a data de fabrica\u00e7\u00e3o e por 2 meses ap\u00f3s aberto. Conservar em temperatura ambiente em local seco e arejado, longe da luz e do calor. Para manter a qualidade do produto, n\u00e3o toque a c\u00e2nula com a l\u00edngua ou m\u00e3os.<\/p>\n<p>Modo de Uso: Tomar 4 gotas tr\u00eas vezes ao dia. O uso pode ser sublingual ou dilu\u00eddo em \u00e1gua se desejar atenuar o gosto.<\/p>\n","protected":false},"featured_media":2349,"template":"","meta":[],"product_cat":[21],"product_tag":[],"class_list":{"0":"post-2099","1":"product","2":"type-product","3":"status-publish","4":"has-post-thumbnail","6":"product_cat-florais-de-bach-adulto","8":"first","9":"instock","10":"shipping-taxable","11":"purchasable","12":"product-type-simple"},"_links":{"self":[{"href":"https:\/\/cincuenta.com.br\/polinize\/wp-json\/wp\/v2\/product\/2099"}],"collection":[{"href":"https:\/\/cincuenta.com.br\/polinize\/wp-json\/wp\/v2\/product"}],"about":[{"href":"https:\/\/cincuenta.com.br\/polinize\/wp-json\/wp\/v2\/types\/product"}],"wp:featuredmedia":[{"embeddable":true,"href":"https:\/\/cincuenta.com.br\/polinize\/wp-json\/wp\/v2\/media\/2349"}],"wp:attachment":[{"href":"https:\/\/cincuenta.com.br\/polinize\/wp-json\/wp\/v2\/media?parent=2099"}],"wp:term":[{"taxonomy":"product_cat","embeddable":true,"href":"https:\/\/cincuenta.com.br\/polinize\/wp-json\/wp\/v2\/product_cat?post=2099"},{"taxonomy":"product_tag","embeddable":true,"href":"https:\/\/cincuenta.com.br\/polinize\/wp-json\/wp\/v2\/product_tag?post=2099"}],"curies":[{"name":"wp","href":"https:\/\/api.w.org\/{rel}","templated":true}]}}