{"id":1838,"date":"2022-07-16T23:25:02","date_gmt":"2022-07-17T02:25:02","guid":{"rendered":"https:\/\/polinizeflorais.com.br\/?post_type=product&#038;p=1838"},"modified":"2024-11-08T10:33:30","modified_gmt":"2024-11-08T13:33:30","slug":"bom-sono-20-6","status":"publish","type":"product","link":"https:\/\/cincuenta.com.br\/polinize\/produto\/bom-sono-20-6\/","title":{"rendered":"Fase de Choro Excessivo"},"content":{"rendered":"<div id=\"dslc-theme-content\"><div id=\"dslc-theme-content-inner\"><\/div><\/div>","protected":false},"excerpt":{"rendered":"<p><span style=\"font-size: 80%;\">Equivalente \u00e0 F\u00f3rmula &#8211; <strong>Fase de Choro e Pouco Sono<\/strong><\/span><\/p>\n<p><strong>AUXILIA NO EQUIL\u00cdBRIO E CONFORTO<\/strong><\/p>\n<p>Condi\u00e7\u00e3o emocional que gera\u00a0<strong>choro excessivo\u00a0<\/strong>na crian\u00e7a. Esta f\u00f3rmula com ess\u00eancias Florais de Bach age modificando certos estados vibracionais em nosso organismo, auxiliando a equilibrar e harmonizar estas emo\u00e7\u00f5es, favorecendo sentimento de\u00a0<strong>maior sossego \u00e0 crian\u00e7a<\/strong>.<\/p>\n<p>Composi\u00e7\u00e3o: 3ppm de ess\u00eancia floral l\u00edquida (<em>Prunus cerasifera, Cichorium intybus, Juglans regia, Mimulus guttatus, Agrimonia eupatoria, Impatiens glandulifera<\/em>), \u00e1gua e Brandy.<\/p>\n","protected":false},"featured_media":1741,"template":"","meta":[],"product_cat":[22],"product_tag":[],"class_list":{"0":"post-1838","1":"product","2":"type-product","3":"status-publish","4":"has-post-thumbnail","6":"product_cat-florais-de-bach-kids","8":"first","9":"instock","10":"shipping-taxable","11":"purchasable","12":"product-type-simple"},"_links":{"self":[{"href":"https:\/\/cincuenta.com.br\/polinize\/wp-json\/wp\/v2\/product\/1838"}],"collection":[{"href":"https:\/\/cincuenta.com.br\/polinize\/wp-json\/wp\/v2\/product"}],"about":[{"href":"https:\/\/cincuenta.com.br\/polinize\/wp-json\/wp\/v2\/types\/product"}],"wp:featuredmedia":[{"embeddable":true,"href":"https:\/\/cincuenta.com.br\/polinize\/wp-json\/wp\/v2\/media\/1741"}],"wp:attachment":[{"href":"https:\/\/cincuenta.com.br\/polinize\/wp-json\/wp\/v2\/media?parent=1838"}],"wp:term":[{"taxonomy":"product_cat","embeddable":true,"href":"https:\/\/cincuenta.com.br\/polinize\/wp-json\/wp\/v2\/product_cat?post=1838"},{"taxonomy":"product_tag","embeddable":true,"href":"https:\/\/cincuenta.com.br\/polinize\/wp-json\/wp\/v2\/product_tag?post=1838"}],"curies":[{"name":"wp","href":"https:\/\/api.w.org\/{rel}","templated":true}]}}