{"id":1836,"date":"2022-07-16T23:23:54","date_gmt":"2022-07-17T02:23:54","guid":{"rendered":"https:\/\/polinizeflorais.com.br\/?post_type=product&#038;p=1836"},"modified":"2024-11-08T10:33:00","modified_gmt":"2024-11-08T13:33:00","slug":"bom-sono-20-4","status":"publish","type":"product","link":"https:\/\/cincuenta.com.br\/polinize\/produto\/bom-sono-20-4\/","title":{"rendered":"Fase de Baixa Autoestima"},"content":{"rendered":"<div id=\"dslc-theme-content\"><div id=\"dslc-theme-content-inner\"><\/div><\/div>","protected":false},"excerpt":{"rendered":"<p><strong>AUXILIA NO SENTIMENTO DE AMOR PR\u00d3PRIO<\/strong><\/p>\n<p>Condi\u00e7\u00e3o emocional que gera sentimento de\u00a0<strong>autoestima baixa<\/strong>, que muitas vezes acabam refletindo em descuidos com corpo e mente. Esta f\u00f3rmula com ess\u00eancias Florais de Bach favorece sentimentos de resili\u00eancia e aceita\u00e7\u00e3o das condi\u00e7\u00f5es e limita\u00e7\u00f5es desta fase da vida, melhorando o<strong>\u00a0bem-estar e amor pr\u00f3prio.<\/strong><\/p>\n<p>Composi\u00e7\u00e3o: 3ppm de ess\u00eancia floral l\u00edquida (<em>Cichorium intybus, Agrimonia eupatoria, Verbena officinalis, Prunus cerasifera<\/em>), \u00e1gua e Brandy.<\/p>\n","protected":false},"featured_media":1764,"template":"","meta":[],"product_cat":[22],"product_tag":[],"class_list":{"0":"post-1836","1":"product","2":"type-product","3":"status-publish","4":"has-post-thumbnail","6":"product_cat-florais-de-bach-kids","8":"first","9":"instock","10":"shipping-taxable","11":"purchasable","12":"product-type-simple"},"_links":{"self":[{"href":"https:\/\/cincuenta.com.br\/polinize\/wp-json\/wp\/v2\/product\/1836"}],"collection":[{"href":"https:\/\/cincuenta.com.br\/polinize\/wp-json\/wp\/v2\/product"}],"about":[{"href":"https:\/\/cincuenta.com.br\/polinize\/wp-json\/wp\/v2\/types\/product"}],"wp:featuredmedia":[{"embeddable":true,"href":"https:\/\/cincuenta.com.br\/polinize\/wp-json\/wp\/v2\/media\/1764"}],"wp:attachment":[{"href":"https:\/\/cincuenta.com.br\/polinize\/wp-json\/wp\/v2\/media?parent=1836"}],"wp:term":[{"taxonomy":"product_cat","embeddable":true,"href":"https:\/\/cincuenta.com.br\/polinize\/wp-json\/wp\/v2\/product_cat?post=1836"},{"taxonomy":"product_tag","embeddable":true,"href":"https:\/\/cincuenta.com.br\/polinize\/wp-json\/wp\/v2\/product_tag?post=1836"}],"curies":[{"name":"wp","href":"https:\/\/api.w.org\/{rel}","templated":true}]}}