{"id":1834,"date":"2022-07-16T23:27:43","date_gmt":"2022-07-17T02:27:43","guid":{"rendered":"https:\/\/polinizeflorais.com.br\/?post_type=product&#038;p=1834"},"modified":"2024-11-08T10:35:16","modified_gmt":"2024-11-08T13:35:16","slug":"bom-sono-20-11","status":"publish","type":"product","link":"https:\/\/cincuenta.com.br\/polinize\/produto\/bom-sono-20-11\/","title":{"rendered":"Harmonia Familiar"},"content":{"rendered":"<div id=\"dslc-theme-content\"><div id=\"dslc-theme-content-inner\"><\/div><\/div>","protected":false},"excerpt":{"rendered":"<p><strong>AUXILIA NOS SENTIMENTOS DE TOLER\u00c2NCIA E COMPREENS\u00c3O<\/strong><\/p>\n<p>Condi\u00e7\u00e3o emocional causada pelas\u00a0<strong>diferen\u00e7as de pontos de vistas<\/strong>\u00a0entre pais e filhos ou entre os irm\u00e3os. Esta f\u00f3rmula com ess\u00eancias florais de Bach auxilia no despertar de sentimentos virtuosos como<strong>\u00a0toler\u00e2ncia, paci\u00eancia e compreens\u00e3o.<\/strong><\/p>\n<p>Composi\u00e7\u00e3o: 3ppm de ess\u00eancia floral l\u00edquida (<em>Cichorium intybus, Aesculus hippocastanum, Ilex aquifolium, Juglans regia<\/em>), \u00e1gua e Brandy.<\/p>\n","protected":false},"featured_media":1769,"template":"","meta":[],"product_cat":[22],"product_tag":[],"class_list":{"0":"post-1834","1":"product","2":"type-product","3":"status-publish","4":"has-post-thumbnail","6":"product_cat-florais-de-bach-kids","8":"first","9":"instock","10":"shipping-taxable","11":"purchasable","12":"product-type-simple"},"_links":{"self":[{"href":"https:\/\/cincuenta.com.br\/polinize\/wp-json\/wp\/v2\/product\/1834"}],"collection":[{"href":"https:\/\/cincuenta.com.br\/polinize\/wp-json\/wp\/v2\/product"}],"about":[{"href":"https:\/\/cincuenta.com.br\/polinize\/wp-json\/wp\/v2\/types\/product"}],"wp:featuredmedia":[{"embeddable":true,"href":"https:\/\/cincuenta.com.br\/polinize\/wp-json\/wp\/v2\/media\/1769"}],"wp:attachment":[{"href":"https:\/\/cincuenta.com.br\/polinize\/wp-json\/wp\/v2\/media?parent=1834"}],"wp:term":[{"taxonomy":"product_cat","embeddable":true,"href":"https:\/\/cincuenta.com.br\/polinize\/wp-json\/wp\/v2\/product_cat?post=1834"},{"taxonomy":"product_tag","embeddable":true,"href":"https:\/\/cincuenta.com.br\/polinize\/wp-json\/wp\/v2\/product_tag?post=1834"}],"curies":[{"name":"wp","href":"https:\/\/api.w.org\/{rel}","templated":true}]}}