{"id":1826,"date":"2022-07-16T23:29:13","date_gmt":"2022-07-17T02:29:13","guid":{"rendered":"https:\/\/polinizeflorais.com.br\/?post_type=product&#038;p=1826"},"modified":"2024-11-08T10:34:41","modified_gmt":"2024-11-08T13:34:41","slug":"bom-sono-20-14","status":"publish","type":"product","link":"https:\/\/cincuenta.com.br\/polinize\/produto\/bom-sono-20-14\/","title":{"rendered":"Momento de Agita\u00e7\u00e3o e Impaci\u00eancia"},"content":{"rendered":"<div id=\"dslc-theme-content\"><div id=\"dslc-theme-content-inner\"><\/div><\/div>","protected":false},"excerpt":{"rendered":"<p><span style=\"font-size: 80%;\">Equivalente a F\u00f3rmula \u2013 <strong>Fase de Hiperatividade<\/strong><\/span><\/p>\n<p><strong>AUXILIA NOS SENTIMENTOS DE PACI\u00caNCIA E TRANQUILIDADE<\/strong><\/p>\n<p>Condi\u00e7\u00e3o emocional de\u00a0<strong>agita\u00e7\u00e3o e impaci\u00eancia da crian\u00e7a<\/strong>. Esta f\u00f3rmula com ess\u00eancias Florais de Bach age modificando certos estados vibracionais em nosso organismo, auxiliando a equilibrar e harmonizar estas emo\u00e7\u00f5es, favorecendo sentimentos de\u00a0<strong>paci\u00eancia e tranquilidade<\/strong>.<\/p>\n<p>Composi\u00e7\u00e3o: 3ppm de ess\u00eancia floral l\u00edquida (<em>Ceratostigma willmottiana, Aesculus hippocastanum, Calluna vulgaris, Clematis vitalba, Impatiens glandulifera<\/em>), \u00e1gua e Brandy.<\/p>\n","protected":false},"featured_media":1734,"template":"","meta":[],"product_cat":[22],"product_tag":[],"class_list":{"0":"post-1826","1":"product","2":"type-product","3":"status-publish","4":"has-post-thumbnail","6":"product_cat-florais-de-bach-kids","8":"first","9":"instock","10":"shipping-taxable","11":"purchasable","12":"product-type-simple"},"_links":{"self":[{"href":"https:\/\/cincuenta.com.br\/polinize\/wp-json\/wp\/v2\/product\/1826"}],"collection":[{"href":"https:\/\/cincuenta.com.br\/polinize\/wp-json\/wp\/v2\/product"}],"about":[{"href":"https:\/\/cincuenta.com.br\/polinize\/wp-json\/wp\/v2\/types\/product"}],"wp:featuredmedia":[{"embeddable":true,"href":"https:\/\/cincuenta.com.br\/polinize\/wp-json\/wp\/v2\/media\/1734"}],"wp:attachment":[{"href":"https:\/\/cincuenta.com.br\/polinize\/wp-json\/wp\/v2\/media?parent=1826"}],"wp:term":[{"taxonomy":"product_cat","embeddable":true,"href":"https:\/\/cincuenta.com.br\/polinize\/wp-json\/wp\/v2\/product_cat?post=1826"},{"taxonomy":"product_tag","embeddable":true,"href":"https:\/\/cincuenta.com.br\/polinize\/wp-json\/wp\/v2\/product_tag?post=1826"}],"curies":[{"name":"wp","href":"https:\/\/api.w.org\/{rel}","templated":true}]}}