{"id":1825,"date":"2022-07-16T23:28:47","date_gmt":"2022-07-17T02:28:47","guid":{"rendered":"https:\/\/polinizeflorais.com.br\/?post_type=product&#038;p=1825"},"modified":"2024-11-08T10:35:27","modified_gmt":"2024-11-08T13:35:27","slug":"bom-sono-20-13","status":"publish","type":"product","link":"https:\/\/cincuenta.com.br\/polinize\/produto\/bom-sono-20-13\/","title":{"rendered":"Medos e Pesadelos"},"content":{"rendered":"<div id=\"dslc-theme-content\"><div id=\"dslc-theme-content-inner\"><\/div><\/div>","protected":false},"excerpt":{"rendered":"<p><strong>AUXILIA NOS SENTIMENTOS DE CORAGEM E SEGURAN\u00c7A<\/strong><\/p>\n<p>Condi\u00e7\u00e3o emocional que gera\u00a0<strong>pesadelos e terror noturno<\/strong>, muito comuns na inf\u00e2ncia. Esta f\u00f3rmula com ess\u00eancias Florais de Bach favorece os sentimentos de autoconfian\u00e7a e equil\u00edbrio emocional, sublimando energias negativas e aflorando\u00a0<strong>sentimentos de coragem, paz e seguran\u00e7a aos pequenos.<\/strong><\/p>\n<p>Composi\u00e7\u00e3o: 3ppm de ess\u00eancia floral l\u00edquida (<em>Mimulus guttatus, Helianthemum nummularium, Agrimonia eupatoria, Populus tremula, Castanea sativa<\/em>), \u00e1gua e Brandy.<\/p>\n","protected":false},"featured_media":1772,"template":"","meta":[],"product_cat":[22],"product_tag":[],"class_list":{"0":"post-1825","1":"product","2":"type-product","3":"status-publish","4":"has-post-thumbnail","6":"product_cat-florais-de-bach-kids","8":"first","9":"instock","10":"shipping-taxable","11":"purchasable","12":"product-type-simple"},"_links":{"self":[{"href":"https:\/\/cincuenta.com.br\/polinize\/wp-json\/wp\/v2\/product\/1825"}],"collection":[{"href":"https:\/\/cincuenta.com.br\/polinize\/wp-json\/wp\/v2\/product"}],"about":[{"href":"https:\/\/cincuenta.com.br\/polinize\/wp-json\/wp\/v2\/types\/product"}],"wp:featuredmedia":[{"embeddable":true,"href":"https:\/\/cincuenta.com.br\/polinize\/wp-json\/wp\/v2\/media\/1772"}],"wp:attachment":[{"href":"https:\/\/cincuenta.com.br\/polinize\/wp-json\/wp\/v2\/media?parent=1825"}],"wp:term":[{"taxonomy":"product_cat","embeddable":true,"href":"https:\/\/cincuenta.com.br\/polinize\/wp-json\/wp\/v2\/product_cat?post=1825"},{"taxonomy":"product_tag","embeddable":true,"href":"https:\/\/cincuenta.com.br\/polinize\/wp-json\/wp\/v2\/product_tag?post=1825"}],"curies":[{"name":"wp","href":"https:\/\/api.w.org\/{rel}","templated":true}]}}