{"id":1824,"date":"2022-07-16T23:22:37","date_gmt":"2022-07-17T02:22:37","guid":{"rendered":"https:\/\/polinizeflorais.com.br\/?post_type=product&#038;p=1824"},"modified":"2024-11-08T10:32:45","modified_gmt":"2024-11-08T13:32:45","slug":"bom-sono-20-2","status":"publish","type":"product","link":"https:\/\/cincuenta.com.br\/polinize\/produto\/bom-sono-20-2\/","title":{"rendered":"Fase da Vida Escolar"},"content":{"rendered":"<div id=\"dslc-theme-content\"><div id=\"dslc-theme-content-inner\"><\/div><\/div>","protected":false},"excerpt":{"rendered":"<p><strong>AUXILIA NOS SENTIMENTOS DE CALMA E ADAPTABILIDADE<\/strong><\/p>\n<p>Condi\u00e7\u00e3o emocional associada ao\u00a0<strong>in\u00edcio da educa\u00e7\u00e3o escolar, mudan\u00e7a de professor ou de turma, novos colegas, creche<\/strong>. Esta formula com ess\u00eancias Florais de Bach favorece a harmoniza\u00e7\u00e3o das emo\u00e7\u00f5es confusas que este momento gera, reequilibrando as energias sutis, promovendo a\u00a0<strong>paz e calma necess\u00e1rias \u00e0 adapta\u00e7\u00e3o da crian\u00e7a<\/strong>.<\/p>\n<p>Composi\u00e7\u00e3o: 3ppm de ess\u00eancia floral l\u00edquida (<em>Cichorium intybus, Ilex aquifolium, Juglans regia<\/em>), \u00e1gua e Brandy.<\/p>\n","protected":false},"featured_media":1784,"template":"","meta":[],"product_cat":[22],"product_tag":[],"class_list":{"0":"post-1824","1":"product","2":"type-product","3":"status-publish","4":"has-post-thumbnail","6":"product_cat-florais-de-bach-kids","8":"first","9":"instock","10":"shipping-taxable","11":"purchasable","12":"product-type-simple"},"_links":{"self":[{"href":"https:\/\/cincuenta.com.br\/polinize\/wp-json\/wp\/v2\/product\/1824"}],"collection":[{"href":"https:\/\/cincuenta.com.br\/polinize\/wp-json\/wp\/v2\/product"}],"about":[{"href":"https:\/\/cincuenta.com.br\/polinize\/wp-json\/wp\/v2\/types\/product"}],"wp:featuredmedia":[{"embeddable":true,"href":"https:\/\/cincuenta.com.br\/polinize\/wp-json\/wp\/v2\/media\/1784"}],"wp:attachment":[{"href":"https:\/\/cincuenta.com.br\/polinize\/wp-json\/wp\/v2\/media?parent=1824"}],"wp:term":[{"taxonomy":"product_cat","embeddable":true,"href":"https:\/\/cincuenta.com.br\/polinize\/wp-json\/wp\/v2\/product_cat?post=1824"},{"taxonomy":"product_tag","embeddable":true,"href":"https:\/\/cincuenta.com.br\/polinize\/wp-json\/wp\/v2\/product_tag?post=1824"}],"curies":[{"name":"wp","href":"https:\/\/api.w.org\/{rel}","templated":true}]}}