{"id":1823,"date":"2022-07-16T23:11:16","date_gmt":"2022-07-17T02:11:16","guid":{"rendered":"https:\/\/polinizeflorais.com.br\/?post_type=product&#038;p=1823"},"modified":"2024-11-08T10:21:55","modified_gmt":"2024-11-08T13:21:55","slug":"bom-sono-10","status":"publish","type":"product","link":"https:\/\/cincuenta.com.br\/polinize\/produto\/bom-sono-10\/","title":{"rendered":"Reequil\u00edbrio dos Chakras"},"content":{"rendered":"<div id=\"dslc-theme-content\"><div id=\"dslc-theme-content-inner\"><\/div><\/div>","protected":false},"excerpt":{"rendered":"<p><strong>AUXILIA NA LIVRE CIRCULA\u00c7\u00c3O ENERGIAS VIBRACIONAIS<\/strong><\/p>\n<p>Condi\u00e7\u00e3o emocional relacionada ao\u00a0<strong>desequil\u00edbrio na livre circula\u00e7\u00e3o energ\u00e9tica dos 7 principais Chakras<\/strong>\u00a0do nosso corpo. Esta f\u00f3rmula com ess\u00eancias Florais de Bach age modificando certos estados vibracionais em nosso organismo<strong>, auxiliando a equilibrar e harmonizar a circula\u00e7\u00e3o das energias vibracionais positivas.<\/strong><\/p>\n<p>Composi\u00e7\u00e3o: 3ppm de ess\u00eancia floral l\u00edquida\u00a0<em>(Bromus ramosus, Mimulus guttatus, Malus sylvestris\u2010Malus pumila, Ceratostigma willmottiana, Aesculus hippocastanum, Ornithogalum umbellatum, Centaurium umbellatum, Juglans regia)<\/em>, \u00e1gua e Brandy.<\/p>\n<p>USO ADULTO E PEDI\u00c1TRICO. CONT\u00c9M BAIXO TEOR ALCO\u00d3LICO. N\u00c3O CONT\u00c9M GL\u00daTEN.<\/p>\n<p>V\u00e1lido por 3 anos ap\u00f3s a data de fabrica\u00e7\u00e3o e por 2 meses ap\u00f3s aberto. Conservar em temperatura ambiente em local seco e arejado, longe da luz e do calor. Para manter a qualidade do produto, n\u00e3o toque a c\u00e2nula com a l\u00edngua ou m\u00e3os.<\/p>\n<p>Modo de Uso: Tomar 4 gotas tr\u00eas vezes ao dia. O uso pode ser sublingual ou dilu\u00eddo em \u00e1gua se desejar atenuar o gosto.<\/p>\n","protected":false},"featured_media":2357,"template":"","meta":[],"product_cat":[21],"product_tag":[],"class_list":{"0":"post-1823","1":"product","2":"type-product","3":"status-publish","4":"has-post-thumbnail","6":"product_cat-florais-de-bach-adulto","8":"first","9":"instock","10":"shipping-taxable","11":"purchasable","12":"product-type-simple"},"_links":{"self":[{"href":"https:\/\/cincuenta.com.br\/polinize\/wp-json\/wp\/v2\/product\/1823"}],"collection":[{"href":"https:\/\/cincuenta.com.br\/polinize\/wp-json\/wp\/v2\/product"}],"about":[{"href":"https:\/\/cincuenta.com.br\/polinize\/wp-json\/wp\/v2\/types\/product"}],"wp:featuredmedia":[{"embeddable":true,"href":"https:\/\/cincuenta.com.br\/polinize\/wp-json\/wp\/v2\/media\/2357"}],"wp:attachment":[{"href":"https:\/\/cincuenta.com.br\/polinize\/wp-json\/wp\/v2\/media?parent=1823"}],"wp:term":[{"taxonomy":"product_cat","embeddable":true,"href":"https:\/\/cincuenta.com.br\/polinize\/wp-json\/wp\/v2\/product_cat?post=1823"},{"taxonomy":"product_tag","embeddable":true,"href":"https:\/\/cincuenta.com.br\/polinize\/wp-json\/wp\/v2\/product_tag?post=1823"}],"curies":[{"name":"wp","href":"https:\/\/api.w.org\/{rel}","templated":true}]}}