{"id":1820,"date":"2022-07-16T23:09:41","date_gmt":"2022-07-17T02:09:41","guid":{"rendered":"https:\/\/polinizeflorais.com.br\/?post_type=product&#038;p=1820"},"modified":"2024-11-08T10:20:42","modified_gmt":"2024-11-08T13:20:42","slug":"bom-sono-7","status":"publish","type":"product","link":"https:\/\/cincuenta.com.br\/polinize\/produto\/bom-sono-7\/","title":{"rendered":"Momento Deixar de Fumar"},"content":{"rendered":"<div id=\"dslc-theme-content\"><div id=\"dslc-theme-content-inner\"><\/div><\/div>","protected":false},"excerpt":{"rendered":"<p><strong>AUXILIA NOS SENTIMENTOS DE RESILI\u00caNCIA NECESS\u00c1RIOS NESTA FASE<\/strong><\/p>\n<p>Condi\u00e7\u00e3o emocional causada pela diminui\u00e7\u00e3o do uso do tabaco que, geralmente causa desarmonia emocional tais como\u00a0<strong>agita\u00e7\u00e3o, tens\u00e3o e irritabilidade.<\/strong>\u00a0Esta f\u00f3rmula com ess\u00eancias Florais de Bach auxilia modificando certos estados vibracionais, atuando gradativamente sobre essas emo\u00e7\u00f5es em desarmonia,\u00a0<strong>favorecendo sentimentos de<\/strong>\u00a0<strong>resili\u00eancia e bem-estar.<\/strong><\/p>\n<p>Composi\u00e7\u00e3o: 3ppm de ess\u00eancia floral l\u00edquida\u00a0<em>(Verbena officinalis, Bromus ramosus, Scleranthus annuus, Prunus cerasifera, Malus sylvestris\u2010Malus pumila)<\/em>, \u00e1gua e Brandy.<\/p>\n<p>USO ADULTO E PEDI\u00c1TRICO. CONT\u00c9M BAIXO TEOR ALCO\u00d3LICO. N\u00c3O CONT\u00c9M GL\u00daTEN.<\/p>\n<p>V\u00e1lido por 3 anos ap\u00f3s a data de fabrica\u00e7\u00e3o e por 2 meses ap\u00f3s aberto. Conservar em temperatura ambiente em local seco e arejado, longe da luz e do calor. Para manter a qualidade do produto, n\u00e3o toque a c\u00e2nula com a l\u00edngua ou m\u00e3os.<\/p>\n<p>Modo de Uso: Tomar 4 gotas tr\u00eas vezes ao dia. O uso pode ser sublingual ou dilu\u00eddo em \u00e1gua se desejar atenuar o gosto.<\/p>\n","protected":false},"featured_media":2355,"template":"","meta":[],"product_cat":[21],"product_tag":[],"class_list":{"0":"post-1820","1":"product","2":"type-product","3":"status-publish","4":"has-post-thumbnail","6":"product_cat-florais-de-bach-adulto","8":"first","9":"instock","10":"shipping-taxable","11":"purchasable","12":"product-type-simple"},"_links":{"self":[{"href":"https:\/\/cincuenta.com.br\/polinize\/wp-json\/wp\/v2\/product\/1820"}],"collection":[{"href":"https:\/\/cincuenta.com.br\/polinize\/wp-json\/wp\/v2\/product"}],"about":[{"href":"https:\/\/cincuenta.com.br\/polinize\/wp-json\/wp\/v2\/types\/product"}],"wp:featuredmedia":[{"embeddable":true,"href":"https:\/\/cincuenta.com.br\/polinize\/wp-json\/wp\/v2\/media\/2355"}],"wp:attachment":[{"href":"https:\/\/cincuenta.com.br\/polinize\/wp-json\/wp\/v2\/media?parent=1820"}],"wp:term":[{"taxonomy":"product_cat","embeddable":true,"href":"https:\/\/cincuenta.com.br\/polinize\/wp-json\/wp\/v2\/product_cat?post=1820"},{"taxonomy":"product_tag","embeddable":true,"href":"https:\/\/cincuenta.com.br\/polinize\/wp-json\/wp\/v2\/product_tag?post=1820"}],"curies":[{"name":"wp","href":"https:\/\/api.w.org\/{rel}","templated":true}]}}