{"id":1819,"date":"2022-07-16T23:09:13","date_gmt":"2022-07-17T02:09:13","guid":{"rendered":"https:\/\/polinizeflorais.com.br\/?post_type=product&#038;p=1819"},"modified":"2024-11-08T10:20:22","modified_gmt":"2024-11-08T13:20:22","slug":"bom-sono-6","status":"publish","type":"product","link":"https:\/\/cincuenta.com.br\/polinize\/produto\/bom-sono-6\/","title":{"rendered":"Momento de Harmonia Sexual"},"content":{"rendered":"<div id=\"dslc-theme-content\"><div id=\"dslc-theme-content-inner\"><\/div><\/div>","protected":false},"excerpt":{"rendered":"<p><strong>AUXILIA NOS SENTIMENTOS DE DESEJOS<\/strong><\/p>\n<p>Condi\u00e7\u00e3o emocional relacionada \u00e0\u00a0<strong>harmonia e desejo sexual<\/strong>. Esta f\u00f3rmula com ess\u00eancias Florais de Bach age modificando certos estados vibracionais em nosso organismo, auxiliando a\u00a0<strong>equilibrar e harmonizar o desejo sexual<\/strong>.<\/p>\n<p>Composi\u00e7\u00e3o: 3ppm de ess\u00eancia floral l\u00edquida\u00a0<em>(Rosa canina, Hottonia palustris, Carpinus betulus, Centaurium umbellatum, Malus sylvestris \u2013 Malus pumila, Cichorium intybus, Rock Water)<\/em>, \u00e1gua e Brandy.<\/p>\n<p>USO ADULTO E PEDI\u00c1TRICO. CONT\u00c9M BAIXO TEOR ALCO\u00d3LICO. N\u00c3O CONT\u00c9M GL\u00daTEN.<\/p>\n<p>V\u00e1lido por 3 anos ap\u00f3s a data de fabrica\u00e7\u00e3o e por 2 meses ap\u00f3s aberto. Conservar em temperatura ambiente em local seco e arejado, longe da luz e do calor. Para manter a qualidade do produto, n\u00e3o toque a c\u00e2nula com a l\u00edngua ou m\u00e3os.<\/p>\n<p>Modo de Uso: Tomar 4 gotas tr\u00eas vezes ao dia. O uso pode ser sublingual ou dilu\u00eddo em \u00e1gua se desejar atenuar o gosto.<\/p>\n","protected":false},"featured_media":2354,"template":"","meta":[],"product_cat":[21],"product_tag":[],"class_list":{"0":"post-1819","1":"product","2":"type-product","3":"status-publish","4":"has-post-thumbnail","6":"product_cat-florais-de-bach-adulto","8":"first","9":"instock","10":"shipping-taxable","11":"purchasable","12":"product-type-simple"},"_links":{"self":[{"href":"https:\/\/cincuenta.com.br\/polinize\/wp-json\/wp\/v2\/product\/1819"}],"collection":[{"href":"https:\/\/cincuenta.com.br\/polinize\/wp-json\/wp\/v2\/product"}],"about":[{"href":"https:\/\/cincuenta.com.br\/polinize\/wp-json\/wp\/v2\/types\/product"}],"wp:featuredmedia":[{"embeddable":true,"href":"https:\/\/cincuenta.com.br\/polinize\/wp-json\/wp\/v2\/media\/2354"}],"wp:attachment":[{"href":"https:\/\/cincuenta.com.br\/polinize\/wp-json\/wp\/v2\/media?parent=1819"}],"wp:term":[{"taxonomy":"product_cat","embeddable":true,"href":"https:\/\/cincuenta.com.br\/polinize\/wp-json\/wp\/v2\/product_cat?post=1819"},{"taxonomy":"product_tag","embeddable":true,"href":"https:\/\/cincuenta.com.br\/polinize\/wp-json\/wp\/v2\/product_tag?post=1819"}],"curies":[{"name":"wp","href":"https:\/\/api.w.org\/{rel}","templated":true}]}}