{"id":1809,"date":"2024-11-07T23:19:12","date_gmt":"2024-11-08T02:19:12","guid":{"rendered":"https:\/\/polinizeflorais.com.br\/?post_type=product&#038;p=1809"},"modified":"2025-04-01T16:12:25","modified_gmt":"2025-04-01T19:12:25","slug":"bom-sono-18","status":"publish","type":"product","link":"https:\/\/cincuenta.com.br\/polinize\/produto\/bom-sono-18\/","title":{"rendered":"Sentimento de Tristeza"},"content":{"rendered":"<div id=\"dslc-theme-content\"><div id=\"dslc-theme-content-inner\"><\/div><\/div>","protected":false},"excerpt":{"rendered":"<p><span style=\"font-size: 80%;\">Equivalente a F\u00f3rmula \u2013\u00a0<b>Estado de Depress\u00e3o<\/b><\/span><\/p>\n<p><strong>AUXILIA NOS SENTIMENTOS DE \u00c2NIMO E ALEGRIA<\/strong><\/p>\n<p>Condi\u00e7\u00e3o emocional de\u00a0<strong>tristeza e melancolia<\/strong>. Esta f\u00f3rmula com ess\u00eancias Florais de Bach age modificando certos estados vibracionais em nosso organismo, favorecendo\u00a0<strong>sentimentos de<\/strong>\u00a0<strong>\u00e2nimo, alegria<\/strong>\u00a0<strong>e felicidade<\/strong>.<\/p>\n<p>Composi\u00e7\u00e3o: 3ppm de ess\u00eancia \ufb02oral, \u00e1gua e Brandy.<\/p>\n<p>USO ADULTO E PEDI\u00c1TRICO. CONT\u00c9M BAIXO TEOR ALCO\u00d3LICO. N\u00c3O CONT\u00c9M GL\u00daTEN.<\/p>\n<p>V\u00e1lido por 3 anos ap\u00f3s a data de fabrica\u00e7\u00e3o e por 2 meses ap\u00f3s aberto.<\/p>\n<p>Conservar em temperatura ambiente em local seco e arejado, longe da luz e do calor. Para manter a qualidade do produto, n\u00e3o toque a c\u00e2nula com a l\u00edngua ou m\u00e3os.<\/p>\n<p>Modo de Uso: Tomar 4 gotas tr\u00eas vezes ao dia. O uso pode ser sublingual ou dilu\u00eddo em \u00e1gua se desejar atenuar o gosto.<\/p>\n","protected":false},"featured_media":2708,"template":"","meta":[],"product_cat":[21],"product_tag":[],"class_list":{"0":"post-1809","1":"product","2":"type-product","3":"status-publish","4":"has-post-thumbnail","6":"product_cat-florais-de-bach-adulto","8":"first","9":"instock","10":"shipping-taxable","11":"purchasable","12":"product-type-simple"},"_links":{"self":[{"href":"https:\/\/cincuenta.com.br\/polinize\/wp-json\/wp\/v2\/product\/1809"}],"collection":[{"href":"https:\/\/cincuenta.com.br\/polinize\/wp-json\/wp\/v2\/product"}],"about":[{"href":"https:\/\/cincuenta.com.br\/polinize\/wp-json\/wp\/v2\/types\/product"}],"wp:featuredmedia":[{"embeddable":true,"href":"https:\/\/cincuenta.com.br\/polinize\/wp-json\/wp\/v2\/media\/2708"}],"wp:attachment":[{"href":"https:\/\/cincuenta.com.br\/polinize\/wp-json\/wp\/v2\/media?parent=1809"}],"wp:term":[{"taxonomy":"product_cat","embeddable":true,"href":"https:\/\/cincuenta.com.br\/polinize\/wp-json\/wp\/v2\/product_cat?post=1809"},{"taxonomy":"product_tag","embeddable":true,"href":"https:\/\/cincuenta.com.br\/polinize\/wp-json\/wp\/v2\/product_tag?post=1809"}],"curies":[{"name":"wp","href":"https:\/\/api.w.org\/{rel}","templated":true}]}}