{"id":1797,"date":"2022-07-16T22:25:06","date_gmt":"2022-07-17T01:25:06","guid":{"rendered":"https:\/\/polinizeflorais.com.br\/?post_type=product&#038;p=1797"},"modified":"2024-11-08T16:26:34","modified_gmt":"2024-11-08T19:26:34","slug":"baixa-imunidade","status":"publish","type":"product","link":"https:\/\/cincuenta.com.br\/polinize\/produto\/baixa-imunidade\/","title":{"rendered":"Baixa Imunidade"},"content":{"rendered":"<div id=\"dslc-theme-content\"><div id=\"dslc-theme-content-inner\"><\/div><\/div>","protected":false},"excerpt":{"rendered":"<p><strong>AUXILIA NA RESTAURA\u00c7\u00c3O DO EQUIL\u00cdBRIO DAS EMO\u00c7\u00d5ES<\/strong><\/p>\n<p>O nosso sistema imunol\u00f3gico garante a defesa do organismo e mant\u00e9m o corpo funcionando livre de doen\u00e7as. Por\u00e9m, al\u00e9m de fatores externos ou f\u00edsicos, tamb\u00e9m podemos ter v\u00e1rias causas emocionais para uma baixa da imunidade. Esta f\u00f3rmula com ess\u00eancias Florais de Bach ajuda a restaurar o equil\u00edbrio dessas emo\u00e7\u00f5es e, por consequ\u00eancia, a melhora do sistema imunol\u00f3gico, quando a origem deste desequil\u00edbrio for no campo das emo\u00e7\u00f5es.<\/p>\n<p>Composi\u00e7\u00e3o: 3ppm de ess\u00eancia floral l\u00edquida (Olea europaea, Centaurium umbellatum, Juglans regia), \u00e1gua e Brandy.<\/p>\n<p>USO ADULTO E PEDI\u00c1TRICO. CONT\u00c9M BAIXO TEOR ALCO\u00d3LICO. N\u00c3O CONT\u00c9M GL\u00daTEN.<\/p>\n<p>V\u00e1lido por 3 anos ap\u00f3s a data de fabrica\u00e7\u00e3o e por 2 meses ap\u00f3s aberto. Conservar em temperatura ambiente em local seco e arejado, longe da luz e do calor. Para manter a qualidade do produto, n\u00e3o toque a c\u00e2nula com a l\u00edngua ou m\u00e3os.<\/p>\n<p>Modo de Uso: Tomar 4 gotas tr\u00eas vezes ao dia. O uso pode ser sublingual ou dilu\u00eddo em \u00e1gua se desejar atenuar o gosto.<\/p>\n","protected":false},"featured_media":2328,"template":"","meta":[],"product_cat":[21],"product_tag":[],"class_list":{"0":"post-1797","1":"product","2":"type-product","3":"status-publish","4":"has-post-thumbnail","6":"product_cat-florais-de-bach-adulto","8":"first","9":"instock","10":"shipping-taxable","11":"purchasable","12":"product-type-simple"},"_links":{"self":[{"href":"https:\/\/cincuenta.com.br\/polinize\/wp-json\/wp\/v2\/product\/1797"}],"collection":[{"href":"https:\/\/cincuenta.com.br\/polinize\/wp-json\/wp\/v2\/product"}],"about":[{"href":"https:\/\/cincuenta.com.br\/polinize\/wp-json\/wp\/v2\/types\/product"}],"wp:featuredmedia":[{"embeddable":true,"href":"https:\/\/cincuenta.com.br\/polinize\/wp-json\/wp\/v2\/media\/2328"}],"wp:attachment":[{"href":"https:\/\/cincuenta.com.br\/polinize\/wp-json\/wp\/v2\/media?parent=1797"}],"wp:term":[{"taxonomy":"product_cat","embeddable":true,"href":"https:\/\/cincuenta.com.br\/polinize\/wp-json\/wp\/v2\/product_cat?post=1797"},{"taxonomy":"product_tag","embeddable":true,"href":"https:\/\/cincuenta.com.br\/polinize\/wp-json\/wp\/v2\/product_tag?post=1797"}],"curies":[{"name":"wp","href":"https:\/\/api.w.org\/{rel}","templated":true}]}}