{"id":1567,"date":"2022-06-20T20:45:37","date_gmt":"2022-06-20T23:45:37","guid":{"rendered":"https:\/\/polinizegroup.com.br\/?page_id=1567"},"modified":"2025-03-03T19:56:35","modified_gmt":"2025-03-03T22:56:35","slug":"quem-somos","status":"publish","type":"page","link":"https:\/\/cincuenta.com.br\/polinize\/quem-somos\/","title":{"rendered":"Quem Somos"},"content":{"rendered":"<div id=\"dslc-theme-content\"><div id=\"dslc-theme-content-inner\">\t<div id=\"gap-1913474786\" class=\"gap-element clearfix\" style=\"display:block; height:auto;\">\n\t\t\n<style>\n#gap-1913474786 {\n  padding-top: 80px;\n}\n<\/style>\n\t<\/div>\n\t\n<div class=\"row\"  id=\"row-1591961842\">\n\n\t<div id=\"col-485298424\" class=\"col medium-1 small-12 large-1\"  >\n\t\t\t\t<div class=\"col-inner\"  >\n\t\t\t\n\t\t\t\n\t\t<\/div>\n\t\t\t\t\t<\/div>\n\n\t\n\n\t<div id=\"col-1908383387\" class=\"col medium-10 small-12 large-10\"  >\n\t\t\t\t<div class=\"col-inner\"  >\n\t\t\t\n\t\t\t\n\t<div id=\"text-3108784133\" class=\"text\">\n\t\t\n<div style=\"width: 1020px;\" class=\"wp-video\"><!--[if lt IE 9]><script>document.createElement('video');<\/script><![endif]-->\n<video class=\"wp-video-shortcode\" id=\"video-1567-1\" width=\"1020\" height=\"574\" preload=\"metadata\" controls=\"controls\"><source type=\"video\/mp4\" src=\"https:\/\/cincuenta.com.br\/polinize\/polinize2025.mp4?_=1\" \/><a href=\"https:\/\/cincuenta.com.br\/polinize\/polinize2025.mp4\">https:\/\/cincuenta.com.br\/polinize\/polinize2025.mp4<\/a><\/video><\/div>\n\t\t\n<style>\n#text-3108784133 {\n  text-align: center;\n}\n<\/style>\n\t<\/div>\n\t\n\t\t<\/div>\n\t\t\t\t\t<\/div>\n\n\t\n<\/div>\n\t<div id=\"gap-286894133\" class=\"gap-element clearfix\" style=\"display:block; height:auto;\">\n\t\t\n<style>\n#gap-286894133 {\n  padding-top: 80px;\n}\n<\/style>\n\t<\/div>\n\t\n\t<div class=\"img has-hover x md-x lg-x y md-y lg-y\" id=\"image_1643684771\">\n\t\t\t\t\t\t\t\t<div class=\"img-inner dark\" >\n\t\t\t<img loading=\"lazy\" decoding=\"async\" width=\"1920\" height=\"500\" src=\"https:\/\/cincuenta.com.br\/polinize\/wp-content\/uploads\/2024\/11\/banner3.jpg\" class=\"attachment-original size-original\" alt=\"\" srcset=\"https:\/\/cincuenta.com.br\/polinize\/wp-content\/uploads\/2024\/11\/banner3.jpg 1920w, https:\/\/cincuenta.com.br\/polinize\/wp-content\/uploads\/2024\/11\/banner3-510x133.jpg 510w, https:\/\/cincuenta.com.br\/polinize\/wp-content\/uploads\/2024\/11\/banner3-300x78.jpg 300w, https:\/\/cincuenta.com.br\/polinize\/wp-content\/uploads\/2024\/11\/banner3-1024x267.jpg 1024w, https:\/\/cincuenta.com.br\/polinize\/wp-content\/uploads\/2024\/11\/banner3-768x200.jpg 768w, https:\/\/cincuenta.com.br\/polinize\/wp-content\/uploads\/2024\/11\/banner3-1536x400.jpg 1536w\" sizes=\"(max-width: 1920px) 100vw, 1920px\" \/>\t\t\t\t\t\t\n\t\t\t\t\t<\/div>\n\t\t\t\t\t\t\t\t\n<style>\n#image_1643684771 {\n  width: 100%;\n}\n<\/style>\n\t<\/div>\n\t\n\t<div id=\"gap-893286448\" class=\"gap-element clearfix\" style=\"display:block; height:auto;\">\n\t\t\n<style>\n#gap-893286448 {\n  padding-top: 80px;\n}\n<\/style>\n\t<\/div>\n\t\n<div class=\"row\"  id=\"row-362371056\">\n\n\t<div id=\"col-1406963119\" class=\"col small-12 large-12\"  >\n\t\t\t\t<div class=\"col-inner\"  >\n\t\t\t\n\t\t\t\n\t<div id=\"text-538431261\" class=\"text\">\n\t\t\n<p>A origem da POLINIZE FLORAIS remonta do ano de 2003, quando um farmac\u00eautico e um administrador de empresas, irm\u00e3os rec\u00e9m formados, inauguram sua primeira Farm\u00e1cia de Manipula\u00e7\u00e3o. O sucesso deste primeiro empreendimento foi logo consolidado e, ap\u00f3s pouco tempo, inauguram duas novas filiais.<\/p>\n<p>Em 2010, ap\u00f3s aquisi\u00e7\u00e3o de im\u00f3vel amplo e com caracter\u00edstica estrutural para explora\u00e7\u00e3o industrial, os s\u00f3cios criam a OH2 NUTRITION, ind\u00fastria de suplementos alimentares, despontando como uma marca de alt\u00edssima qualidade no mercado e logo conquistando parcerias com grandes grupos varejistas e atacadistas no Sul do Brasil.<\/p>\n<p>N\u00e3o parando por a\u00ed, em 2012 surge a POLINIZE FLORAIS, ind\u00fastria especializada na produ\u00e7\u00e3o e comercializa\u00e7\u00e3o da Linha Pr\u00f3pria de Florais\u00a0de\u00a0Bach.<\/p>\n<p>Em 2018, as empresas e suas marcas passam a fazer parte do nome fantasia &#8220;POLINIZE GROUP&#8221;, um marco importante nestes 15 anos de sucesso dos irm\u00e3os empreendedores.<\/p>\n<p>Nossos produtos s\u00e3o desenvolvidos por profissionais Qu\u00edmicos e Farmac\u00eauticos com alto grau de conhecimento tanto no aspecto t\u00e9cnico-cient\u00edfico assim como na \u00e1rea regulat\u00f3ria\/Anvisa, seguindo as Boas Pr\u00e1ticas de Fabrica\u00e7\u00e3o que asseguram as condi\u00e7\u00f5es higi\u00eanico-sanit\u00e1rias essenciais para a fabrica\u00e7\u00e3o de nossos Florais, garantindo um ambiente seguro e adequado.<br \/>\n\t\t\n<style>\n#text-538431261 {\n  font-size: 1.25rem;\n}\n<\/style>\n\t<\/div>\n\t\n\t\t<\/div>\n\t\t\t\t\t<\/div>\n\n\t\n<\/div>\n<\/div><\/div>","protected":false},"excerpt":{"rendered":"","protected":false},"author":1,"featured_media":0,"parent":0,"menu_order":0,"comment_status":"closed","ping_status":"closed","template":"page-blank.php","meta":{"footnotes":""},"class_list":["post-1567","page","type-page","status-publish","hentry"],"_links":{"self":[{"href":"https:\/\/cincuenta.com.br\/polinize\/wp-json\/wp\/v2\/pages\/1567"}],"collection":[{"href":"https:\/\/cincuenta.com.br\/polinize\/wp-json\/wp\/v2\/pages"}],"about":[{"href":"https:\/\/cincuenta.com.br\/polinize\/wp-json\/wp\/v2\/types\/page"}],"author":[{"embeddable":true,"href":"https:\/\/cincuenta.com.br\/polinize\/wp-json\/wp\/v2\/users\/1"}],"replies":[{"embeddable":true,"href":"https:\/\/cincuenta.com.br\/polinize\/wp-json\/wp\/v2\/comments?post=1567"}],"version-history":[{"count":13,"href":"https:\/\/cincuenta.com.br\/polinize\/wp-json\/wp\/v2\/pages\/1567\/revisions"}],"predecessor-version":[{"id":2722,"href":"https:\/\/cincuenta.com.br\/polinize\/wp-json\/wp\/v2\/pages\/1567\/revisions\/2722"}],"wp:attachment":[{"href":"https:\/\/cincuenta.com.br\/polinize\/wp-json\/wp\/v2\/media?parent=1567"}],"curies":[{"name":"wp","href":"https:\/\/api.w.org\/{rel}","templated":true}]}}