{"id":1733,"date":"2023-06-20T16:37:34","date_gmt":"2023-06-20T19:37:34","guid":{"rendered":"https:\/\/oh2nutrition.com.br\/?post_type=product&#038;p=1733"},"modified":"2024-11-08T17:30:43","modified_gmt":"2024-11-08T20:30:43","slug":"vitamina-e-400ui-400mg","status":"publish","type":"product","link":"https:\/\/cincuenta.com.br\/oh2nutrition\/produto\/vitamina-e-400ui-400mg\/","title":{"rendered":"VITAMINA E 400UI \u2013 400MG"},"content":{"rendered":"<p>30 C\u00e1psulas Softgel<\/p>\n","protected":false},"excerpt":{"rendered":"<p>A Vitamina E \u00e9 uma vitamina lipossol\u00favel (sol\u00favel em \u00f3leos), que engloba oito subst\u00e2ncias diferentes dos grupos Tocofer\u00f3is e Tocotrien\u00f3is.\u00a0Ela tem como principal fun\u00e7\u00e3o proteger a\u00a0integridade das c\u00e9lulas e prolongar-lhes a vida, sendo respons\u00e1vel tamb\u00e9m pela manuten\u00e7\u00e3o de uma boa sa\u00fade e de uma \u00f3tima performance. De uma forma muito resumida, esta vitamina atua como antioxidante e destr\u00f3i os efeitos prejudiciais dos radicais livres que prov\u00eam do lixo qu\u00edmico do pr\u00f3prio organismo (metabolismo). Desta maneira auxilia tamb\u00e9m no fortalecimento do sistema imunol\u00f3gico. Pode atuar tamb\u00e9m na potencializa\u00e7\u00e3o da a\u00e7\u00e3o de outros antioxidantes, como por exemplo, a vitamina C e vitamina A.\u00a0Possui 400UI = 400mg de Vitamina E por c\u00e1psula, correspondente a 4000% da IDR Ingest\u00e3o Di\u00e1ria Recomendada)\u00a0do nutriente.<\/p>\n<p><b>Ingredientes<\/b><br \/>\nAcetato de D-alfa-tocoferol e \u00f3leo de girassol. Composi\u00e7\u00e3o da c\u00e1psula: gelatina, \u00e1gua purificada, umectante glicerina e corante natural clorofila.<\/p>\n<p><b>Recomenda\u00e7\u00e3o de uso<\/b><br \/>\nRECOMENDA\u00c7\u00d5ES DE USO PARA ADULTOS DO GRUPO POPULACIONAL COM IDADE MAIOR OU IGUAL A 19 ANOS: Ingerir 1 (uma) c\u00e1psula ao dia. \u2018\u2018A Vitamina E \u00e9 um antioxidante que auxilia na prote\u00e7\u00e3o dos danos causados pelos radicais livres. Produto indicado para Adultos do Grupo Populacional maior ou igual 19 anos. Este produto n\u00e3o \u00e9 um medicamento. N\u00e3o exceder a recomenda\u00e7\u00e3o di\u00e1ria de consumo indicada na embalagem. Mantenha fora do alcance de crian\u00e7as.\u2019\u2019<\/p>\n<p><b>Registro M.S.<\/b><br \/>\nProduto Dispensado de Registro conforme n\u00ba RDC 27\/10<\/p>\n","protected":false},"featured_media":1689,"comment_status":"open","ping_status":"closed","template":"","meta":[],"product_cat":[148],"product_tag":[],"class_list":{"0":"post-1733","1":"product","2":"type-product","3":"status-publish","4":"has-post-thumbnail","6":"product_cat-sem-categoria","8":"first","9":"instock","10":"shipping-taxable","11":"purchasable","12":"product-type-simple"},"_links":{"self":[{"href":"https:\/\/cincuenta.com.br\/oh2nutrition\/wp-json\/wp\/v2\/product\/1733"}],"collection":[{"href":"https:\/\/cincuenta.com.br\/oh2nutrition\/wp-json\/wp\/v2\/product"}],"about":[{"href":"https:\/\/cincuenta.com.br\/oh2nutrition\/wp-json\/wp\/v2\/types\/product"}],"replies":[{"embeddable":true,"href":"https:\/\/cincuenta.com.br\/oh2nutrition\/wp-json\/wp\/v2\/comments?post=1733"}],"wp:featuredmedia":[{"embeddable":true,"href":"https:\/\/cincuenta.com.br\/oh2nutrition\/wp-json\/wp\/v2\/media\/1689"}],"wp:attachment":[{"href":"https:\/\/cincuenta.com.br\/oh2nutrition\/wp-json\/wp\/v2\/media?parent=1733"}],"wp:term":[{"taxonomy":"product_cat","embeddable":true,"href":"https:\/\/cincuenta.com.br\/oh2nutrition\/wp-json\/wp\/v2\/product_cat?post=1733"},{"taxonomy":"product_tag","embeddable":true,"href":"https:\/\/cincuenta.com.br\/oh2nutrition\/wp-json\/wp\/v2\/product_tag?post=1733"}],"curies":[{"name":"wp","href":"https:\/\/api.w.org\/{rel}","templated":true}]}}