{"id":1732,"date":"2023-06-20T16:37:01","date_gmt":"2023-06-20T19:37:01","guid":{"rendered":"https:\/\/oh2nutrition.com.br\/?post_type=product&#038;p=1732"},"modified":"2024-11-08T17:30:30","modified_gmt":"2024-11-08T20:30:30","slug":"vitamina-d-2000ui-50mcg","status":"publish","type":"product","link":"https:\/\/cincuenta.com.br\/oh2nutrition\/produto\/vitamina-d-2000ui-50mcg\/","title":{"rendered":"VITAMINA D 2000UI \u2013 50MCG"},"content":{"rendered":"<p>60 C\u00e1psulas Softgel<\/p>\n","protected":false},"excerpt":{"rendered":"<p>A Vitamina D3 (Colecalciferol) \u00e9 sol\u00favel em\u00a0gordura e pode ser armazenada nas c\u00e9lulas adiposas para uso futuro. Ela pode ser obtida atrav\u00e9s da suplementa\u00e7\u00e3o ou produzida pelo organismo humano quando o mesmo est\u00e1 exposto diretamente aos raios UVB do sol.\u00a0Esta vitamina auxilia na secre\u00e7\u00e3o de insulina pelo p\u00e2ncreas, al\u00e9m de atuar nos sistemas imunol\u00f3gico, cardiovascular e nervoso. Sua fun\u00e7\u00e3o mais conhecida, no entanto, \u00e9 regular os n\u00edveis sangu\u00edneos de c\u00e1lcio e f\u00f3sforo, aumentando a absor\u00e7\u00e3o destes minerais. Este processo \u00e9 \u00fatil na constru\u00e7\u00e3o e manuten\u00e7\u00e3o de ossos fortes e dentes saud\u00e1veis. Ainda, atua na preven\u00e7\u00e3o da osteoporose, raquitismo em crian\u00e7as e osteomalacia em adultos.\u00a0Possui 2000UI = 50mg de Vitamina D por c\u00e1psula, correspondente a 1000% da IDR Ingest\u00e3o Di\u00e1ria Recomendada)\u00a0do nutriente.<\/p>\n<p><b>Ingredientes<\/b><br \/>\n\u00d3leo de girassol, colecalciferol e antioxidante dl-alfa tocoferol. Composi\u00e7\u00e3o da c\u00e1psula: gelatina, \u00e1gua purificada e umectante glicerina.<\/p>\n<p><b>Recomenda\u00e7\u00e3o de uso<\/b><br \/>\nRECOMENDA\u00c7\u00d5ES DE USO PARA ADULTOS DO GRUPO POPULACIONAL COM IDADE MAIOR OU IGUAL A 19 ANOS: Ingerir 1 (uma) c\u00e1psula ao dia. \u2018\u2018A Vitamina D auxilia na forma\u00e7\u00e3o de ossos e dentes, na absor\u00e7\u00e3o de c\u00e1lcio e f\u00f3sforo, no funcionamento do sistema imune, no funcionamento muscular, na manuten\u00e7\u00e3o de n\u00edveis de c\u00e1lcio no sangue e no processo de divis\u00e3o celular. Produto indicado para Adultos do Grupo Populacional maior ou igual 19 anos. Este produto n\u00e3o \u00e9 um medicamento. N\u00e3o exceder a recomenda\u00e7\u00e3o di\u00e1ria de consumo indicada na embalagem. Mantenha fora do alcance de crian\u00e7as.\u2019\u2019<\/p>\n<p><b>Registro M.S.<\/b><br \/>\nProduto Dispensado de Registro conforme n\u00ba RDC 27\/10.<\/p>\n","protected":false},"featured_media":1688,"comment_status":"open","ping_status":"closed","template":"","meta":[],"product_cat":[148],"product_tag":[],"class_list":{"0":"post-1732","1":"product","2":"type-product","3":"status-publish","4":"has-post-thumbnail","6":"product_cat-sem-categoria","8":"first","9":"instock","10":"shipping-taxable","11":"purchasable","12":"product-type-simple"},"_links":{"self":[{"href":"https:\/\/cincuenta.com.br\/oh2nutrition\/wp-json\/wp\/v2\/product\/1732"}],"collection":[{"href":"https:\/\/cincuenta.com.br\/oh2nutrition\/wp-json\/wp\/v2\/product"}],"about":[{"href":"https:\/\/cincuenta.com.br\/oh2nutrition\/wp-json\/wp\/v2\/types\/product"}],"replies":[{"embeddable":true,"href":"https:\/\/cincuenta.com.br\/oh2nutrition\/wp-json\/wp\/v2\/comments?post=1732"}],"wp:featuredmedia":[{"embeddable":true,"href":"https:\/\/cincuenta.com.br\/oh2nutrition\/wp-json\/wp\/v2\/media\/1688"}],"wp:attachment":[{"href":"https:\/\/cincuenta.com.br\/oh2nutrition\/wp-json\/wp\/v2\/media?parent=1732"}],"wp:term":[{"taxonomy":"product_cat","embeddable":true,"href":"https:\/\/cincuenta.com.br\/oh2nutrition\/wp-json\/wp\/v2\/product_cat?post=1732"},{"taxonomy":"product_tag","embeddable":true,"href":"https:\/\/cincuenta.com.br\/oh2nutrition\/wp-json\/wp\/v2\/product_tag?post=1732"}],"curies":[{"name":"wp","href":"https:\/\/api.w.org\/{rel}","templated":true}]}}