{"id":1731,"date":"2023-06-20T16:36:42","date_gmt":"2023-06-20T19:36:42","guid":{"rendered":"https:\/\/oh2nutrition.com.br\/?post_type=product&#038;p=1731"},"modified":"2024-11-08T17:30:22","modified_gmt":"2024-11-08T20:30:22","slug":"vitamina-c-1000mg","status":"publish","type":"product","link":"https:\/\/cincuenta.com.br\/oh2nutrition\/produto\/vitamina-c-1000mg\/","title":{"rendered":"VITAMINA C 1000MG"},"content":{"rendered":"<p>60 C\u00e1psulas<\/p>\n","protected":false},"excerpt":{"rendered":"<p>A Vitamina C \u00e9 reconhecidamente importante para a forma\u00e7\u00e3o de col\u00e1geno, ossos, cartilagens e tend\u00f5es, fundamentais para o amortecimento e sustenta\u00e7\u00e3o do nosso corpo. Al\u00e9m de potencializar a absor\u00e7\u00e3o de algumas formas de ferro no organismo, participa da s\u00edntese da adrenalina e noradrenalina, neurotransmissores que s\u00e3o liberados durante a atividade f\u00edsica. A Vitamina C desempenha um papel importante na manuten\u00e7\u00e3o da sa\u00fade do sistema imunol\u00f3gico e, como \u00e9 um antioxidante, ajuda a neutralizar os radicais livres, que s\u00e3o prejudiciais \u00e0s c\u00e9lulas. Esportistas e fisiculturistas exp\u00f5em constantemente o corpo ao estresse da atividade f\u00edsica intensa que, por sua vez, pode enfraquecer o sistema imunol\u00f3gico, tornando essencial a suplementa\u00e7\u00e3o desta vitamina atrav\u00e9s da Vitamina C Pure 1000MG da OH2 Nutrition.<\/p>\n<p>&gt; CONT\u00c9M 1000mg de VITAMINA C por c\u00e1psula.<\/p>\n<p><b>Ingredientes<\/b><br \/>\nVitamina C (\u00c1cido Asc\u00f3rbico), antiumectante di\u00f3xido de sil\u00edcio, coadjuvante de tecnologia estearato de magn\u00e9sio. Composi\u00e7\u00e3o da c\u00e1psula: gelatina, \u00e1gua e corante inorg\u00e2nico di\u00f3xido de tit\u00e2nio. CONT\u00c9M 1000mg de VITAMINA C por c\u00e1psula.<\/p>\n<p><b>Recomenda\u00e7\u00e3o de uso<\/b><br \/>\nRecomenda\u00e7\u00f5es de uso para adultos com idade maior ou igual a 19 anos: Ingerir 1 c\u00e1psula ao dia, preferencialmente antes da principal refei\u00e7\u00e3o.<\/p>\n<p><b>Registro M.S.<\/b><br \/>\nDispensado de Registro conforme RDC n\u00ba 27\/2010<\/p>\n","protected":false},"featured_media":1687,"comment_status":"open","ping_status":"closed","template":"","meta":[],"product_cat":[148],"product_tag":[],"class_list":{"0":"post-1731","1":"product","2":"type-product","3":"status-publish","4":"has-post-thumbnail","6":"product_cat-sem-categoria","8":"first","9":"instock","10":"shipping-taxable","11":"purchasable","12":"product-type-simple"},"_links":{"self":[{"href":"https:\/\/cincuenta.com.br\/oh2nutrition\/wp-json\/wp\/v2\/product\/1731"}],"collection":[{"href":"https:\/\/cincuenta.com.br\/oh2nutrition\/wp-json\/wp\/v2\/product"}],"about":[{"href":"https:\/\/cincuenta.com.br\/oh2nutrition\/wp-json\/wp\/v2\/types\/product"}],"replies":[{"embeddable":true,"href":"https:\/\/cincuenta.com.br\/oh2nutrition\/wp-json\/wp\/v2\/comments?post=1731"}],"wp:featuredmedia":[{"embeddable":true,"href":"https:\/\/cincuenta.com.br\/oh2nutrition\/wp-json\/wp\/v2\/media\/1687"}],"wp:attachment":[{"href":"https:\/\/cincuenta.com.br\/oh2nutrition\/wp-json\/wp\/v2\/media?parent=1731"}],"wp:term":[{"taxonomy":"product_cat","embeddable":true,"href":"https:\/\/cincuenta.com.br\/oh2nutrition\/wp-json\/wp\/v2\/product_cat?post=1731"},{"taxonomy":"product_tag","embeddable":true,"href":"https:\/\/cincuenta.com.br\/oh2nutrition\/wp-json\/wp\/v2\/product_tag?post=1731"}],"curies":[{"name":"wp","href":"https:\/\/api.w.org\/{rel}","templated":true}]}}