{"id":1726,"date":"2023-06-20T16:33:31","date_gmt":"2023-06-20T19:33:31","guid":{"rendered":"https:\/\/oh2nutrition.com.br\/?post_type=product&#038;p=1726"},"modified":"2024-11-08T17:30:13","modified_gmt":"2024-11-08T20:30:13","slug":"triptofano-840mg","status":"publish","type":"product","link":"https:\/\/cincuenta.com.br\/oh2nutrition\/produto\/triptofano-840mg\/","title":{"rendered":"TRIPTOFANO 840MG"},"content":{"rendered":"<p>90 C\u00e1psulas<\/p>\n","protected":false},"excerpt":{"rendered":"<p>Suplemento de L-Triptofano em c\u00e1psulas. O Triptofano \u00e9 um amino\u00e1cido essencial, n\u00e3o produzido pelo organismo e que deve ser obtido pela alimenta\u00e7\u00e3o ou suplementa\u00e7\u00e3o. Pode auxilia no tratamento da ansiedade, ins\u00f4nia e controle do apetite. Atua como coadjuvante na estimula\u00e7\u00e3o cerebral e na produ\u00e7\u00e3o do neurotransmissor SEROTONINA (respons\u00e1vel pela sensa\u00e7\u00e3o de bem estar e, em fun\u00e7\u00e3o disso, pode atuar nos tratamentos para ansiedade, ins\u00f4nia e controle do apetite).<\/p>\n<p>&gt; CONT\u00c9M 840mg de L-TRIPTOFANO na por\u00e7\u00e3o de 3 c\u00e1psulas.<br \/>\n&gt; CONT\u00c9M 280mg de L-TRIPTOFANO por c\u00e1psula.<\/p>\n<p><b>Ingredientes<\/b><br \/>\nL-Triptofano, antiumectantes di\u00f3xido de sil\u00edcio, coadjuvante de tecnologia estearato de magn\u00e9sio, ve\u00edculo amido de milho. Composi\u00e7\u00e3o de c\u00e1psula: gelatina, \u00e1gua e corante inorg\u00e2nico di\u00f3xido de tit\u00e2nio.<\/p>\n<p><b>Recomenda\u00e7\u00e3o de uso<\/b><br \/>\nRECOMENDA\u00c7\u00d5ES DE USO PARA ADULTOS DO GRUPO POPULACIONAL COM IDADE MAIOR OU IGUAL A 19 ANOS: Ingerir 1 c\u00e1psula at\u00e9 tr\u00eas vezes ao dia.<\/p>\n<p><b>Registro M.S.<\/b><br \/>\nProduto Dispensado de Registro conforme n\u00ba RDC 27\/10.<\/p>\n","protected":false},"featured_media":1682,"comment_status":"open","ping_status":"closed","template":"","meta":[],"product_cat":[148],"product_tag":[],"class_list":{"0":"post-1726","1":"product","2":"type-product","3":"status-publish","4":"has-post-thumbnail","6":"product_cat-sem-categoria","8":"first","9":"instock","10":"shipping-taxable","11":"purchasable","12":"product-type-simple"},"_links":{"self":[{"href":"https:\/\/cincuenta.com.br\/oh2nutrition\/wp-json\/wp\/v2\/product\/1726"}],"collection":[{"href":"https:\/\/cincuenta.com.br\/oh2nutrition\/wp-json\/wp\/v2\/product"}],"about":[{"href":"https:\/\/cincuenta.com.br\/oh2nutrition\/wp-json\/wp\/v2\/types\/product"}],"replies":[{"embeddable":true,"href":"https:\/\/cincuenta.com.br\/oh2nutrition\/wp-json\/wp\/v2\/comments?post=1726"}],"wp:featuredmedia":[{"embeddable":true,"href":"https:\/\/cincuenta.com.br\/oh2nutrition\/wp-json\/wp\/v2\/media\/1682"}],"wp:attachment":[{"href":"https:\/\/cincuenta.com.br\/oh2nutrition\/wp-json\/wp\/v2\/media?parent=1726"}],"wp:term":[{"taxonomy":"product_cat","embeddable":true,"href":"https:\/\/cincuenta.com.br\/oh2nutrition\/wp-json\/wp\/v2\/product_cat?post=1726"},{"taxonomy":"product_tag","embeddable":true,"href":"https:\/\/cincuenta.com.br\/oh2nutrition\/wp-json\/wp\/v2\/product_tag?post=1726"}],"curies":[{"name":"wp","href":"https:\/\/api.w.org\/{rel}","templated":true}]}}