{"id":1724,"date":"2023-06-20T16:32:15","date_gmt":"2023-06-20T19:32:15","guid":{"rendered":"https:\/\/oh2nutrition.com.br\/?post_type=product&#038;p=1724"},"modified":"2024-11-08T17:28:40","modified_gmt":"2024-11-08T20:28:40","slug":"omega-triplo-omega-3-6-9","status":"publish","type":"product","link":"https:\/\/cincuenta.com.br\/oh2nutrition\/produto\/omega-triplo-omega-3-6-9\/","title":{"rendered":"\u00d4MEGA \u2013 TRIPLO \u00d4MEGA 3-6-9"},"content":{"rendered":"<p>60 C\u00e1psulas Softgel<\/p>\n","protected":false},"excerpt":{"rendered":"<p>O Triplo \u00d4mega 3-6-9 da OH2 Nutrition \u00e9 composto pelos \u00d3leos de Peixe\u00a0(333mg), Linha\u00e7a (333mg) e Borragem (333mg) em um \u00fanico produto,\u00a0fornecendo todos os benef\u00edcios dos \u00e1cidos graxos \u00d4mega 3, 6 e 9. Os \u00e1cidos\u00a0graxos \u00d4mega 3 e 6 s\u00e3o chamados de \u201cessenciais\u201d por n\u00e3o serem produzidos\u00a0pelo nosso organismo e, desta maneira, devem ser suplementados. O Triplo\u00a0\u00d4mega auxilia na manuten\u00e7\u00e3o dos sistemas circulat\u00f3rio, cardiovascular,\u00a0reprodutor e na sa\u00fade da pele. O consumo de \u00e1cidos graxos auxilia na\u00a0manuten\u00e7\u00e3o de n\u00edveis saud\u00e1veis de triglicer\u00eddeos, desde que associados a\u00a0uma alimenta\u00e7\u00e3o equilibrada e h\u00e1bitos de vida saud\u00e1veis.<\/p>\n<p><b>Ingredientes<\/b><br \/>\n\u00d3leo de Peixe, \u00d3leo de Linha\u00e7a, \u00d3leo de Borragem, gelificante gelatina e umectante glicerina. AL\u00c9RGICOS: CONT\u00c9M DERIVADOS DE PEIXE<\/p>\n<p><b>Recomenda\u00e7\u00e3o de uso<\/b><br \/>\nIngerir 2 (duas) c\u00e1psulas ao dia, preferencialmente antes da principal refei\u00e7\u00e3o. N\u00e3o cont\u00e9m gl\u00faten.<\/p>\n<p><b>Registro M.S.<\/b><br \/>\n6.7023.0008.001-1<\/p>\n","protected":false},"featured_media":1673,"comment_status":"open","ping_status":"closed","template":"","meta":[],"product_cat":[148],"product_tag":[],"class_list":{"0":"post-1724","1":"product","2":"type-product","3":"status-publish","4":"has-post-thumbnail","6":"product_cat-sem-categoria","8":"first","9":"instock","10":"shipping-taxable","11":"purchasable","12":"product-type-simple"},"_links":{"self":[{"href":"https:\/\/cincuenta.com.br\/oh2nutrition\/wp-json\/wp\/v2\/product\/1724"}],"collection":[{"href":"https:\/\/cincuenta.com.br\/oh2nutrition\/wp-json\/wp\/v2\/product"}],"about":[{"href":"https:\/\/cincuenta.com.br\/oh2nutrition\/wp-json\/wp\/v2\/types\/product"}],"replies":[{"embeddable":true,"href":"https:\/\/cincuenta.com.br\/oh2nutrition\/wp-json\/wp\/v2\/comments?post=1724"}],"wp:featuredmedia":[{"embeddable":true,"href":"https:\/\/cincuenta.com.br\/oh2nutrition\/wp-json\/wp\/v2\/media\/1673"}],"wp:attachment":[{"href":"https:\/\/cincuenta.com.br\/oh2nutrition\/wp-json\/wp\/v2\/media?parent=1724"}],"wp:term":[{"taxonomy":"product_cat","embeddable":true,"href":"https:\/\/cincuenta.com.br\/oh2nutrition\/wp-json\/wp\/v2\/product_cat?post=1724"},{"taxonomy":"product_tag","embeddable":true,"href":"https:\/\/cincuenta.com.br\/oh2nutrition\/wp-json\/wp\/v2\/product_tag?post=1724"}],"curies":[{"name":"wp","href":"https:\/\/api.w.org\/{rel}","templated":true}]}}