{"id":1722,"date":"2023-06-20T16:30:00","date_gmt":"2023-06-20T19:30:00","guid":{"rendered":"https:\/\/oh2nutrition.com.br\/?post_type=product&#038;p=1722"},"modified":"2024-11-08T17:29:53","modified_gmt":"2024-11-08T20:29:53","slug":"polivitaminico-de-a-a-zinco-2","status":"publish","type":"product","link":"https:\/\/cincuenta.com.br\/oh2nutrition\/produto\/polivitaminico-de-a-a-zinco-2\/","title":{"rendered":"POLIVITAM\u00cdNICO DE A A ZINCO"},"content":{"rendered":"<p>60 Tabletes Revestidos<\/p>\n","protected":false},"excerpt":{"rendered":"<p>Suplemento Polivitam\u00ednico e Poliminerais completo, contendo quantidades essenciais de nutrientes, inclusive c\u00e1lcio, em apenas um tablete. Atua como auxiliar do sistema imunol\u00f3gico e nas anemias carenciais. Por ser um composto antioxidante, torna-se um complemento ideal para quem tem uma alimenta\u00e7\u00e3o desregrada.<\/p>\n<p><b>Ingredientes<\/b><br \/>\nCarbonato de C\u00e1lcio, Magn\u00e9sio (\u00d3xido), Pr\u00e9-mistura de vitaminas e minerais: Vitamina C (\u00c1cido Asc\u00f3rbico), Vitamina B3 (Niacina), Ferro, Vitamina E (Acetato de Alfa-tocoferol), Zinco, Vitamina B2 (Riboflavina), Vitamina B6 (Piridoxina), Vitamina B5 (\u00c1cido Pantot\u00eanico), Vitamina B1 (Tiamina), Mangan\u00eas, Vitamina A (Acetato de Retinol), Cobre, Pot\u00e1ssio (Iodeto e Cloreto de Pot\u00e1ssio), Cloro (Cloreto de Pot\u00e1ssio), \u00c1cido F\u00f3lico, Vitamina K (Fitonadlona), Iodo (Iodeto de S\u00f3dio), Biotina, Molibd\u00eanio, Sel\u00eanio, Cromo, Vitamina D3 (Colecalciferol), Vitamina B12 (Cianocobalamina); Estabilizantes Celulose Microcristalina, Croscarmelose S\u00f3dica e Hidroxipropilmetilcelulose; Antiumectantes Di\u00f3xido de Sil\u00edcio; Corantes Di\u00f3xido de Tit\u00e2nio e Amarelo Crep\u00fasculo.<\/p>\n<p><b>Recomenda\u00e7\u00e3o de uso<\/b><br \/>\nIngerir 1 (um) tablete ao dia, preferencialmente antes da principal refei\u00e7\u00e3o. N\u00e3o cont\u00e9m gl\u00faten. Gestantes, nutrizes (m\u00e3es que amamentam) e crian\u00e7as at\u00e9 3 (tr\u00eas) anos, somente devem consumir este produto sob orienta\u00e7\u00e3o de nutricionista ou m\u00e9dico.<\/p>\n<p><b>Registro M.S.<\/b><br \/>\nProduto Dispensado de Registro conforme n\u00ba RDC 27\/10<\/p>\n","protected":false},"featured_media":1679,"comment_status":"open","ping_status":"closed","template":"","meta":[],"product_cat":[148],"product_tag":[],"class_list":{"0":"post-1722","1":"product","2":"type-product","3":"status-publish","4":"has-post-thumbnail","6":"product_cat-sem-categoria","8":"first","9":"instock","10":"shipping-taxable","11":"purchasable","12":"product-type-simple"},"_links":{"self":[{"href":"https:\/\/cincuenta.com.br\/oh2nutrition\/wp-json\/wp\/v2\/product\/1722"}],"collection":[{"href":"https:\/\/cincuenta.com.br\/oh2nutrition\/wp-json\/wp\/v2\/product"}],"about":[{"href":"https:\/\/cincuenta.com.br\/oh2nutrition\/wp-json\/wp\/v2\/types\/product"}],"replies":[{"embeddable":true,"href":"https:\/\/cincuenta.com.br\/oh2nutrition\/wp-json\/wp\/v2\/comments?post=1722"}],"wp:featuredmedia":[{"embeddable":true,"href":"https:\/\/cincuenta.com.br\/oh2nutrition\/wp-json\/wp\/v2\/media\/1679"}],"wp:attachment":[{"href":"https:\/\/cincuenta.com.br\/oh2nutrition\/wp-json\/wp\/v2\/media?parent=1722"}],"wp:term":[{"taxonomy":"product_cat","embeddable":true,"href":"https:\/\/cincuenta.com.br\/oh2nutrition\/wp-json\/wp\/v2\/product_cat?post=1722"},{"taxonomy":"product_tag","embeddable":true,"href":"https:\/\/cincuenta.com.br\/oh2nutrition\/wp-json\/wp\/v2\/product_tag?post=1722"}],"curies":[{"name":"wp","href":"https:\/\/api.w.org\/{rel}","templated":true}]}}