{"id":1720,"date":"2023-06-20T16:29:02","date_gmt":"2023-06-20T19:29:02","guid":{"rendered":"https:\/\/oh2nutrition.com.br\/?post_type=product&#038;p=1720"},"modified":"2024-11-08T17:29:28","modified_gmt":"2024-11-08T20:29:28","slug":"polivitaminico-cabelos-e-unhas","status":"publish","type":"product","link":"https:\/\/cincuenta.com.br\/oh2nutrition\/produto\/polivitaminico-cabelos-e-unhas\/","title":{"rendered":"POLIVITAM\u00cdNICO CABELOS E UNHAS"},"content":{"rendered":"<p>60 C\u00e1psulas<\/p>\n","protected":false},"excerpt":{"rendered":"<p>F\u00f3rmula desenvolvida para fortalecimento e manuten\u00e7\u00e3o da sa\u00fade de Cabelos e Unhas, em uma exclusiva combina\u00e7\u00e3o de Vitaminas, Minerais e Col\u00e1geno Hidrolisado. Os Pept\u00eddeos de Col\u00e1geno Hidrolisado (Peptan \u2122) que comp\u00f5e o Polivitam\u00ednico Cabelos e Unhas fornecem quantidades essenciais desta prote\u00edna que \u00e9 produzida normalmente pelo organismo. Estudos apontam que a suplementa\u00e7\u00e3o deste nutriente \u00e9 muito importante, pois a partir dos 30 anos de idade, h\u00e1 um decr\u00e9scimo significativo da produ\u00e7\u00e3o de Col\u00e1geno. As Vitaminas B3, B6 e B7 (Vit. H ou Biotina) s\u00e3o indispens\u00e1veis ao crescimento celular, manuten\u00e7\u00e3o e integridade da pele, cabelos e unhas. O cobre \u00e9 respons\u00e1vel pela convers\u00e3o da tirosina em melanina, atuando na colora\u00e7\u00e3o do cabelo, enquanto o Sel\u00eanio que \u00e9 um excelente antioxidante que, em conjunto com o Zinco podem ajudar o nosso corpo a usar as prote\u00ednas e horm\u00f4nios corretamente para produzir mais cabelo e mant\u00ea-lo saud\u00e1vel.<\/p>\n<p><b>Ingredientes<\/b><br \/>\nVitamina B3 (\u00c1cido Nicot\u00ednico), Zinco (\u00d3xido de Zinco), Vitamina B6 (Piridoxina), Cobre (Sulfato de Cobre), Sel\u00eanio (Selenito de S\u00f3dio), Biotina e ve\u00edculo Col\u00e1geno Hidrolisado, antiumectantes Talco e Di\u00f3xido de Sil\u00edcio. C\u00e1psula: gelatina (gelificante), glicerina (umectante) e corante inorg\u00e2nico Di\u00f3xido de Tit\u00e2nio.<\/p>\n<p><b>Recomenda\u00e7\u00e3o de uso<\/b><br \/>\nIngerir 2 (duas) c\u00e1psulas ao dia, preferencialmente antes das principais refei\u00e7\u00f5es. N\u00e3o cont\u00e9m gl\u00faten. Gestantes, nutrizes (m\u00e3es que amamentam) e crian\u00e7as at\u00e9 3 (tr\u00eas) anos, somente devem consumir este produto sob orienta\u00e7\u00e3o de nutricionista ou m\u00e9dico.<\/p>\n<p><b>Registro M.S.<\/b><br \/>\nProduto Dispensado de Registro conforme n\u00ba RDC 27\/10.<\/p>\n","protected":false},"featured_media":1680,"comment_status":"open","ping_status":"closed","template":"","meta":[],"product_cat":[148],"product_tag":[],"class_list":{"0":"post-1720","1":"product","2":"type-product","3":"status-publish","4":"has-post-thumbnail","6":"product_cat-sem-categoria","8":"first","9":"instock","10":"shipping-taxable","11":"purchasable","12":"product-type-simple"},"_links":{"self":[{"href":"https:\/\/cincuenta.com.br\/oh2nutrition\/wp-json\/wp\/v2\/product\/1720"}],"collection":[{"href":"https:\/\/cincuenta.com.br\/oh2nutrition\/wp-json\/wp\/v2\/product"}],"about":[{"href":"https:\/\/cincuenta.com.br\/oh2nutrition\/wp-json\/wp\/v2\/types\/product"}],"replies":[{"embeddable":true,"href":"https:\/\/cincuenta.com.br\/oh2nutrition\/wp-json\/wp\/v2\/comments?post=1720"}],"wp:featuredmedia":[{"embeddable":true,"href":"https:\/\/cincuenta.com.br\/oh2nutrition\/wp-json\/wp\/v2\/media\/1680"}],"wp:attachment":[{"href":"https:\/\/cincuenta.com.br\/oh2nutrition\/wp-json\/wp\/v2\/media?parent=1720"}],"wp:term":[{"taxonomy":"product_cat","embeddable":true,"href":"https:\/\/cincuenta.com.br\/oh2nutrition\/wp-json\/wp\/v2\/product_cat?post=1720"},{"taxonomy":"product_tag","embeddable":true,"href":"https:\/\/cincuenta.com.br\/oh2nutrition\/wp-json\/wp\/v2\/product_tag?post=1720"}],"curies":[{"name":"wp","href":"https:\/\/api.w.org\/{rel}","templated":true}]}}