{"id":1719,"date":"2023-06-20T16:27:21","date_gmt":"2023-06-20T19:27:21","guid":{"rendered":"https:\/\/oh2nutrition.com.br\/?post_type=product&#038;p=1719"},"modified":"2024-11-08T17:29:01","modified_gmt":"2024-11-08T20:29:01","slug":"omega-3-1000mg-concentrado-3","status":"publish","type":"product","link":"https:\/\/cincuenta.com.br\/oh2nutrition\/produto\/omega-3-1000mg-concentrado-3\/","title":{"rendered":"\u00d4MEGA 3 1000MG CONCENTRADO"},"content":{"rendered":"<p>180 C\u00e1psulas Softgel<\/p>\n","protected":false},"excerpt":{"rendered":"<p>O \u00d4mega 3 faz parte da fam\u00edlia dos \u00e1cidos graxos poliinsaturados que n\u00e3o s\u00e3o produzidos pelo organismo devendo estar presentes na nossa dieta. Por este motivo, estes \u00e1cidos graxos s\u00e3o chamados de \u201cessenciais\u201d. O consumo de \u00e1cidos graxos \u00f4mega 3 auxilia na manuten\u00e7\u00e3o de n\u00edveis saud\u00e1veis de triglicer\u00eddeos e nos processos metab\u00f3licos , desde que associado a uma alimenta\u00e7\u00e3o equilibrada e h\u00e1bitos de vida saud\u00e1veis.<\/p>\n<p><b>Ingredientes<\/b><br \/>\n\u00d3leo de Peixe concentrado (EPA 18% \u2013 DHA 12%), gelificante gelatina, umectante glicerina. AL\u00c9RGICOS: CONT\u00c9M DERIVADOS DE PEIXE<\/p>\n<p><b>Recomenda\u00e7\u00e3o de uso<\/b><br \/>\nIngerir 1 (uma) c\u00e1psula 3 (tr\u00eas) vezes ao dia, preferencialmente antes das principais refei\u00e7\u00f5es. N\u00e3o cont\u00e9m gl\u00faten. Pessoas al\u00e9rgicas a peixes e crust\u00e1ceos devem evitar o consumo deste produto.&lt;br&gt;O consumo de \u00e1cidos graxos \u00d4mega 3 auxilia na manuten\u00e7\u00e3o de n\u00edveis saud\u00e1veis de triglicer\u00eddeos, desde que associado a uma alimenta\u00e7\u00e3o equilibrada e h\u00e1bitos de vida saud\u00e1veis. Pessoas que apresentem doen\u00e7as ou altera\u00e7\u00f5es fisiol\u00f3gicas, mulheres gr\u00e1vidas ou amamentando (nutrizes) dever\u00e3o consultar o m\u00e9dico antes de usar o produto.<\/p>\n<p><b>Registro M.S.<\/b><br \/>\n6.7023.0004.001-1<\/p>\n","protected":false},"featured_media":1677,"comment_status":"open","ping_status":"closed","template":"","meta":[],"product_cat":[148],"product_tag":[],"class_list":{"0":"post-1719","1":"product","2":"type-product","3":"status-publish","4":"has-post-thumbnail","6":"product_cat-sem-categoria","8":"first","9":"instock","10":"shipping-taxable","11":"purchasable","12":"product-type-simple"},"_links":{"self":[{"href":"https:\/\/cincuenta.com.br\/oh2nutrition\/wp-json\/wp\/v2\/product\/1719"}],"collection":[{"href":"https:\/\/cincuenta.com.br\/oh2nutrition\/wp-json\/wp\/v2\/product"}],"about":[{"href":"https:\/\/cincuenta.com.br\/oh2nutrition\/wp-json\/wp\/v2\/types\/product"}],"replies":[{"embeddable":true,"href":"https:\/\/cincuenta.com.br\/oh2nutrition\/wp-json\/wp\/v2\/comments?post=1719"}],"wp:featuredmedia":[{"embeddable":true,"href":"https:\/\/cincuenta.com.br\/oh2nutrition\/wp-json\/wp\/v2\/media\/1677"}],"wp:attachment":[{"href":"https:\/\/cincuenta.com.br\/oh2nutrition\/wp-json\/wp\/v2\/media?parent=1719"}],"wp:term":[{"taxonomy":"product_cat","embeddable":true,"href":"https:\/\/cincuenta.com.br\/oh2nutrition\/wp-json\/wp\/v2\/product_cat?post=1719"},{"taxonomy":"product_tag","embeddable":true,"href":"https:\/\/cincuenta.com.br\/oh2nutrition\/wp-json\/wp\/v2\/product_tag?post=1719"}],"curies":[{"name":"wp","href":"https:\/\/api.w.org\/{rel}","templated":true}]}}