{"id":1715,"date":"2023-06-20T16:24:29","date_gmt":"2023-06-20T19:24:29","guid":{"rendered":"https:\/\/oh2nutrition.com.br\/?post_type=product&#038;p=1715"},"modified":"2024-11-08T17:28:30","modified_gmt":"2024-11-08T20:28:30","slug":"magnesio-260mg","status":"publish","type":"product","link":"https:\/\/cincuenta.com.br\/oh2nutrition\/produto\/magnesio-260mg\/","title":{"rendered":"MAGN\u00c9SIO 260MG"},"content":{"rendered":"<p>60 Comprimidos<\/p>\n","protected":false},"excerpt":{"rendered":"<p>Atua em conjunto a outros minerais na manuten\u00e7\u00e3o da sa\u00fade de ossos e dentes, auxiliando tamb\u00e9m no bom funcionamento cardiovascular, muscular, sistema nervoso central e em processos de cicatriza\u00e7\u00e3o. Cada comprimido cont\u00e9m 100% da ingest\u00e3o di\u00e1ria recomendada (IDR) de Magn\u00e9sio.<\/p>\n<p><b>Ingredientes<\/b><br \/>\nMagn\u00e9sio (\u00d3xido); Antiumectantes Celulose Microcristalina e Di\u00f3xido de Sil\u00edcio; Estabilizante Croscarmelose S\u00f3dica.<\/p>\n<p><b>Recomenda\u00e7\u00e3o de uso<\/b><br \/>\nIngerir 1 (um) comprimido ao dia, preferencialmente antes da principal refei\u00e7\u00e3o. N\u00e3o cont\u00e9m gl\u00faten. Gestantes, nutrizes (m\u00e3es que amamentam) e crian\u00e7as at\u00e9 3 (tr\u00eas) anos, somente devem consumir este produto sob orienta\u00e7\u00e3o de nutricionista ou m\u00e9dico.<\/p>\n<p><b>Registro M.S.<\/b><br \/>\nProduto Dispensado de Registro conforme n\u00ba RDC 27\/10<\/p>\n","protected":false},"featured_media":1671,"comment_status":"open","ping_status":"closed","template":"","meta":[],"product_cat":[148],"product_tag":[],"class_list":{"0":"post-1715","1":"product","2":"type-product","3":"status-publish","4":"has-post-thumbnail","6":"product_cat-sem-categoria","8":"first","9":"instock","10":"shipping-taxable","11":"purchasable","12":"product-type-simple"},"_links":{"self":[{"href":"https:\/\/cincuenta.com.br\/oh2nutrition\/wp-json\/wp\/v2\/product\/1715"}],"collection":[{"href":"https:\/\/cincuenta.com.br\/oh2nutrition\/wp-json\/wp\/v2\/product"}],"about":[{"href":"https:\/\/cincuenta.com.br\/oh2nutrition\/wp-json\/wp\/v2\/types\/product"}],"replies":[{"embeddable":true,"href":"https:\/\/cincuenta.com.br\/oh2nutrition\/wp-json\/wp\/v2\/comments?post=1715"}],"wp:featuredmedia":[{"embeddable":true,"href":"https:\/\/cincuenta.com.br\/oh2nutrition\/wp-json\/wp\/v2\/media\/1671"}],"wp:attachment":[{"href":"https:\/\/cincuenta.com.br\/oh2nutrition\/wp-json\/wp\/v2\/media?parent=1715"}],"wp:term":[{"taxonomy":"product_cat","embeddable":true,"href":"https:\/\/cincuenta.com.br\/oh2nutrition\/wp-json\/wp\/v2\/product_cat?post=1715"},{"taxonomy":"product_tag","embeddable":true,"href":"https:\/\/cincuenta.com.br\/oh2nutrition\/wp-json\/wp\/v2\/product_tag?post=1715"}],"curies":[{"name":"wp","href":"https:\/\/api.w.org\/{rel}","templated":true}]}}