{"id":1714,"date":"2023-06-20T16:22:52","date_gmt":"2023-06-20T19:22:52","guid":{"rendered":"https:\/\/oh2nutrition.com.br\/?post_type=product&#038;p=1714"},"modified":"2024-11-08T17:28:10","modified_gmt":"2024-11-08T20:28:10","slug":"linhaca-1000mg-2","status":"publish","type":"product","link":"https:\/\/cincuenta.com.br\/oh2nutrition\/produto\/linhaca-1000mg-2\/","title":{"rendered":"LINHA\u00c7A 1000MG"},"content":{"rendered":"<p>180 C\u00e1psulas Softgel<\/p>\n","protected":false},"excerpt":{"rendered":"<p>Excelente fonte de \u00e1cido alfalinol\u00eaico (\u00d4mega 3), lignana, \u00e1cido linoleico (\u00d4mega 6) e vitamina E. O \u00f3leo \u00e9 extra\u00eddo de suas sementes por prensagem a frio preservando todas suas propriedades nutritivas. Auxilia na atenua\u00e7\u00e3o dos sintomas de TPM, menopausa e regulariza\u00e7\u00e3o do tr\u00e2nsito intestinal.<\/p>\n<p><b>Ingredientes<\/b><br \/>\n\u00d3leo de Linha\u00e7a (Linum usitatissimum), gelificante gelatina e umectante glicerina.<\/p>\n<p><b>Recomenda\u00e7\u00e3o de uso<\/b><br \/>\nIngerir 1 (uma) c\u00e1psula 2 (duas) vezes ao dia, preferencialmente antes das principais refei\u00e7\u00f5es. N\u00e3o cont\u00e9m gl\u00faten. Gestantes, nutrizes (m\u00e3es que amamentam) e crian\u00e7as at\u00e9 3 (tr\u00eas) anos, somente devem consumir este produto sob orienta\u00e7\u00e3o de nutricionista ou m\u00e9dico.<\/p>\n<p><b>Registro M.S.<\/b><br \/>\n6.7023.0003.001-4<\/p>\n","protected":false},"featured_media":1670,"comment_status":"open","ping_status":"closed","template":"","meta":[],"product_cat":[148],"product_tag":[],"class_list":{"0":"post-1714","1":"product","2":"type-product","3":"status-publish","4":"has-post-thumbnail","6":"product_cat-sem-categoria","8":"first","9":"instock","10":"shipping-taxable","11":"purchasable","12":"product-type-simple"},"_links":{"self":[{"href":"https:\/\/cincuenta.com.br\/oh2nutrition\/wp-json\/wp\/v2\/product\/1714"}],"collection":[{"href":"https:\/\/cincuenta.com.br\/oh2nutrition\/wp-json\/wp\/v2\/product"}],"about":[{"href":"https:\/\/cincuenta.com.br\/oh2nutrition\/wp-json\/wp\/v2\/types\/product"}],"replies":[{"embeddable":true,"href":"https:\/\/cincuenta.com.br\/oh2nutrition\/wp-json\/wp\/v2\/comments?post=1714"}],"wp:featuredmedia":[{"embeddable":true,"href":"https:\/\/cincuenta.com.br\/oh2nutrition\/wp-json\/wp\/v2\/media\/1670"}],"wp:attachment":[{"href":"https:\/\/cincuenta.com.br\/oh2nutrition\/wp-json\/wp\/v2\/media?parent=1714"}],"wp:term":[{"taxonomy":"product_cat","embeddable":true,"href":"https:\/\/cincuenta.com.br\/oh2nutrition\/wp-json\/wp\/v2\/product_cat?post=1714"},{"taxonomy":"product_tag","embeddable":true,"href":"https:\/\/cincuenta.com.br\/oh2nutrition\/wp-json\/wp\/v2\/product_tag?post=1714"}],"curies":[{"name":"wp","href":"https:\/\/api.w.org\/{rel}","templated":true}]}}