{"id":1710,"date":"2023-06-20T16:20:31","date_gmt":"2023-06-20T19:20:31","guid":{"rendered":"https:\/\/oh2nutrition.com.br\/?post_type=product&#038;p=1710"},"modified":"2024-11-08T17:27:46","modified_gmt":"2024-11-08T20:27:46","slug":"cromo-picolinato-35mcg","status":"publish","type":"product","link":"https:\/\/cincuenta.com.br\/oh2nutrition\/produto\/cromo-picolinato-35mcg\/","title":{"rendered":"CROMO PICOLINATO 35MCG"},"content":{"rendered":"<p>60 Comprimidos<\/p>\n","protected":false},"excerpt":{"rendered":"<p>Entre as in\u00fameras fun\u00e7\u00f5es deste mineral, destaca-se a participa\u00e7\u00e3o no metabolismo de lip\u00eddeos, al\u00e9m de auxiliar nos processos de perda de peso e na diminui\u00e7\u00e3o dos n\u00edveis de colesterol, triglic\u00e9rides e a\u00e7\u00facar no sangue. O cromo pode tamb\u00e9m atuar como coadjuvante nas atividades de ganho muscular. Um comprimido possui 100% da IDR do nutriente.<\/p>\n<p><b>Ingredientes<\/b><br \/>\nCromo (Picolinato); Antiumectantes Celulose Microcristalina e Di\u00f3xido de Sil\u00edcio; Estabilizante Croscarmelose S\u00f3dica.<\/p>\n<p><b>Recomenda\u00e7\u00e3o de uso<\/b><br \/>\nIngerir 1(um) comprimido ao dia, preferencialmente antes da principal refei\u00e7\u00e3o. N\u00e3o cont\u00e9m gl\u00faten. Gestantes, nutrizes (m\u00e3es que amamentam) e crian\u00e7as at\u00e9 3 (tr\u00eas) anos, somente devem consumir este produto sob orienta\u00e7\u00e3o de nutricionista ou m\u00e9dico.<\/p>\n<p><b>Registro M.S.<\/b><br \/>\nProduto Dispensado de Registro conforme n\u00ba RDC 27\/10<\/p>\n","protected":false},"featured_media":1666,"comment_status":"open","ping_status":"closed","template":"","meta":[],"product_cat":[148],"product_tag":[],"class_list":{"0":"post-1710","1":"product","2":"type-product","3":"status-publish","4":"has-post-thumbnail","6":"product_cat-sem-categoria","8":"first","9":"instock","10":"shipping-taxable","11":"purchasable","12":"product-type-simple"},"_links":{"self":[{"href":"https:\/\/cincuenta.com.br\/oh2nutrition\/wp-json\/wp\/v2\/product\/1710"}],"collection":[{"href":"https:\/\/cincuenta.com.br\/oh2nutrition\/wp-json\/wp\/v2\/product"}],"about":[{"href":"https:\/\/cincuenta.com.br\/oh2nutrition\/wp-json\/wp\/v2\/types\/product"}],"replies":[{"embeddable":true,"href":"https:\/\/cincuenta.com.br\/oh2nutrition\/wp-json\/wp\/v2\/comments?post=1710"}],"wp:featuredmedia":[{"embeddable":true,"href":"https:\/\/cincuenta.com.br\/oh2nutrition\/wp-json\/wp\/v2\/media\/1666"}],"wp:attachment":[{"href":"https:\/\/cincuenta.com.br\/oh2nutrition\/wp-json\/wp\/v2\/media?parent=1710"}],"wp:term":[{"taxonomy":"product_cat","embeddable":true,"href":"https:\/\/cincuenta.com.br\/oh2nutrition\/wp-json\/wp\/v2\/product_cat?post=1710"},{"taxonomy":"product_tag","embeddable":true,"href":"https:\/\/cincuenta.com.br\/oh2nutrition\/wp-json\/wp\/v2\/product_tag?post=1710"}],"curies":[{"name":"wp","href":"https:\/\/api.w.org\/{rel}","templated":true}]}}