{"id":1709,"date":"2023-06-20T16:18:23","date_gmt":"2023-06-20T19:18:23","guid":{"rendered":"https:\/\/oh2nutrition.com.br\/?post_type=product&#038;p=1709"},"modified":"2024-11-08T17:25:24","modified_gmt":"2024-11-08T20:25:24","slug":"colageno-coenzima-q10-vitamina-c","status":"publish","type":"product","link":"https:\/\/cincuenta.com.br\/oh2nutrition\/produto\/colageno-coenzima-q10-vitamina-c\/","title":{"rendered":"COL\u00c1GENO + COENZIMA Q10 + VITAMINA C"},"content":{"rendered":"<p>180 Tabletes Revestidos<\/p>\n","protected":false},"excerpt":{"rendered":"<p>O COL\u00c1GENO HIDROLISADO \u00e9 um suplemento alimentar seguro e biodispon\u00edvel, composto por mistura de pept\u00eddeos de col\u00e1geno derivados da degrada\u00e7\u00e3o enzim\u00e1tica do col\u00e1geno nativo da pele de animais (comumente bovino, su\u00edno ou de peixe). Tamb\u00e9m conhecida como Co-Q10 ou Ubidecarenona, A COENZIMA Q10 \u00e9 uma subst\u00e2ncia\u00a0org\u00e2nica n\u00e3o prot\u00e9ica necess\u00e1ria ao funcionamento de certas enzimas em nosso corpo. Al\u00e9m de ser produzida pelo organismo, \u00e9 tamb\u00e9m encontrada em alimentos\u00a0como carnes, aves e peixes, por\u00e9m a partir dos 30 anos de idade sua produ\u00e7\u00e3o decai gradativamente. A VITAMINA C que tamb\u00e9m \u00e9 conhecida pelo nome de \u00c1cido asc\u00f3rbico, \u00e9 uma mol\u00e9cula que participa dev\u00e1rias rea\u00e7\u00f5es bioqu\u00edmicas das\u00a0c\u00e9lulas, principalmente na s\u00edntese de col\u00e1geno no organismo.<\/p>\n<p>&gt; CONT\u00c9M 750mg de COL\u00c1GENO HIDROLISADO por tablete.<br \/>\n&gt; CONT\u00c9M 100mg de COENZIMA Q10 na por\u00e7\u00e3o de 12 tabletes.<br \/>\n&gt; Cada tablete cont\u00e9m 8,33mg de COENZIMA Q10.<br \/>\n&gt; CONT\u00c9M 300mg de VITAMINA C na por\u00e7\u00e3o de 12 tabletes.<br \/>\n&gt; Cada tablete cont\u00e9m 25mg de VITAMINA C.<\/p>\n<p><b>Ingredientes<\/b><br \/>\nCol\u00e1geno Hidrolisado, Coenzima Q10, Vitamina C (\u00c1cido Asc\u00f3rbico), antiumectantes celulose microcristalina e di\u00f3xido de sil\u00edcio, coadjuvante de tecnologia estearato de magn\u00e9sio, estabilizante croscarmelose s\u00f3dica. Revestimento: Estabilizante Hidroxipropilmetilcelulose, Corantes Di\u00f3xido de Tit\u00e2nio e Amarelo Crep\u00fasculo.<\/p>\n<p><b>Recomenda\u00e7\u00e3o de uso<\/b><br \/>\nRECOMENDA\u00c7\u00d5ES DE USO PARA ADULTOS DO GRUPO POPULACIONAL COM IDADE MAIOR OU IGUAL A 19 ANOS: Ingerir 1 a 4 tabletes tr\u00eas vezes ao dia, preferencialmente antes das refei\u00e7\u00f5es.<\/p>\n<p><b>Registro M.S.<\/b><br \/>\nProduto Dispensado de Registro conforme n\u00ba RDC 27\/10.<\/p>\n","protected":false},"featured_media":1658,"comment_status":"open","ping_status":"closed","template":"","meta":[],"product_cat":[148],"product_tag":[],"class_list":{"0":"post-1709","1":"product","2":"type-product","3":"status-publish","4":"has-post-thumbnail","6":"product_cat-sem-categoria","8":"first","9":"instock","10":"shipping-taxable","11":"purchasable","12":"product-type-simple"},"_links":{"self":[{"href":"https:\/\/cincuenta.com.br\/oh2nutrition\/wp-json\/wp\/v2\/product\/1709"}],"collection":[{"href":"https:\/\/cincuenta.com.br\/oh2nutrition\/wp-json\/wp\/v2\/product"}],"about":[{"href":"https:\/\/cincuenta.com.br\/oh2nutrition\/wp-json\/wp\/v2\/types\/product"}],"replies":[{"embeddable":true,"href":"https:\/\/cincuenta.com.br\/oh2nutrition\/wp-json\/wp\/v2\/comments?post=1709"}],"wp:featuredmedia":[{"embeddable":true,"href":"https:\/\/cincuenta.com.br\/oh2nutrition\/wp-json\/wp\/v2\/media\/1658"}],"wp:attachment":[{"href":"https:\/\/cincuenta.com.br\/oh2nutrition\/wp-json\/wp\/v2\/media?parent=1709"}],"wp:term":[{"taxonomy":"product_cat","embeddable":true,"href":"https:\/\/cincuenta.com.br\/oh2nutrition\/wp-json\/wp\/v2\/product_cat?post=1709"},{"taxonomy":"product_tag","embeddable":true,"href":"https:\/\/cincuenta.com.br\/oh2nutrition\/wp-json\/wp\/v2\/product_tag?post=1709"}],"curies":[{"name":"wp","href":"https:\/\/api.w.org\/{rel}","templated":true}]}}