{"id":1708,"date":"2023-06-20T16:17:30","date_gmt":"2023-06-20T19:17:30","guid":{"rendered":"https:\/\/oh2nutrition.com.br\/?post_type=product&#038;p=1708"},"modified":"2024-11-08T17:27:35","modified_gmt":"2024-11-08T20:27:35","slug":"colageno-tipo-i-e-ii","status":"publish","type":"product","link":"https:\/\/cincuenta.com.br\/oh2nutrition\/produto\/colageno-tipo-i-e-ii\/","title":{"rendered":"COL\u00c1GENO TIPO I E II"},"content":{"rendered":"<p>180 Tabletes<\/p>\n","protected":false},"excerpt":{"rendered":"<p>Este suplemento tem em sua composi\u00e7\u00e3o dois tipos de col\u00e1geno com fun\u00e7\u00f5es diferentes, proporcionando ao consumidor, numa s\u00f3 formula, auxiliar o organismo de forma global, pois estes ativos atuam proporcionando melhoras tanto na \u00e1rea est\u00e9tica (rugas e linhas de express\u00e3o), como fisiol\u00f3gica e funcional (desgaste das articula\u00e7\u00f5es e cartilagens causadas pelo envelhecimento ou doen\u00e7as autoimunes). O COLAGENO TIPO I \u00e9 um suplemento seguro \u00a0biodispon\u00edvel, composto por mistura de pept\u00eddeos de col\u00e1geno derivados da degrada\u00e7\u00e3o enzim\u00e1tica do col\u00e1geno nativo da pele de animais (comumente bovino, su\u00edno ou de peixe). O processo industrial de obten\u00e7\u00e3o do Col\u00e1geno Hidrolisado \u00e9 complexo e de m\u00faltiplas etapas \u2013 incluindo hidr\u00f3lise enzim\u00e1tica \u2013, que consiste na transforma\u00e7\u00e3o do col\u00e1geno nativo, insol\u00favel e n\u00e3o diger\u00edvel em um produto sol\u00favel e diger\u00edvel. J\u00e1 o COL\u00c1GENO TIPO II, \u00e9 o componente predominante nas cartilagens, tend\u00f5es e articula\u00e7\u00f5es. \u00c9 fabricado a partir de um processo n\u00e3o enzim\u00e1tico, em\u00a0temperaturas mais baixas, garantindo assim a integridade da prote\u00edna e, por este motivo, possui fun\u00e7\u00f5es diferentes e\/ou complementares ao col\u00e1geno tipo I.<\/p>\n<p>O COL\u00c1GENO HIDROLISADO TIPO I possui atividade antioxidante, anti-hipertensiva e potencial de estimular o metabolismo de diferentes tecidos conjuntivos como cartilagem, ossos e tecido conjuntivo da pele. Desta maneira pode atuar no fortalecimento das articula\u00e7\u00f5es; na melhora da firmeza e elasticidade da pele atenuando linhas de express\u00e3o, rugas, manchas e outros sinais do envelhecimento precoce da pele; al\u00e9m de auxiliar no fortalecimento de unhas e cabelos. A suplementa\u00e7\u00e3o di\u00e1ria de COL\u00c1GENO TIPO II \u00e9 indicada para prevenir ou tratar as doen\u00e7as articulares em praticantes ou n\u00e3o de atividades f\u00edsicas,\u00a0obesos e pessoas que tenham hist\u00f3rico familiar de algum problema nas articula\u00e7\u00f5es.<\/p>\n<p>&gt; CONT\u00c9M 1000mg de COL\u00c1GENO HIDROLISADO (TIPO I) por tablete.<br \/>\n&gt; CONT\u00c9M 45mg de COL\u00c1GENO TIPO II na por\u00e7\u00e3o de 9 tabletes.<br \/>\n&gt; Cada tablete cont\u00e9m 5mg de COL\u00c1GENO TIPO II.<\/p>\n<p><b>Ingredientes<\/b><br \/>\nCol\u00e1geno Hidrolisado (Tipo I), Col\u00e1geno Tipo II, antiumectantes celulose microcristalina e di\u00f3xido de sil\u00edcio, coadjuvante de tecnologia estearato de magn\u00e9sio, estabilizante croscarmelose s\u00f3dica.<\/p>\n<p><b>Recomenda\u00e7\u00e3o de uso<\/b><br \/>\nRECOMENDA\u00c7\u00d5ES DE USO PARA ADULTOS DO GRUPO POPULACIONAL COM IDADE MAIOR OU IGUAL A 19 ANOS: Ingerir 1 a 3 tabletes tr\u00eas vezes ao dia, preferencialmente antes das refei\u00e7\u00f5es.<\/p>\n<p><b>Registro M.S.<\/b><br \/>\nProduto Dispensado de Registro conforme n\u00ba RDC 27\/10.<\/p>\n","protected":false},"featured_media":1665,"comment_status":"open","ping_status":"closed","template":"","meta":[],"product_cat":[148],"product_tag":[],"class_list":{"0":"post-1708","1":"product","2":"type-product","3":"status-publish","4":"has-post-thumbnail","6":"product_cat-sem-categoria","8":"first","9":"instock","10":"shipping-taxable","11":"purchasable","12":"product-type-simple"},"_links":{"self":[{"href":"https:\/\/cincuenta.com.br\/oh2nutrition\/wp-json\/wp\/v2\/product\/1708"}],"collection":[{"href":"https:\/\/cincuenta.com.br\/oh2nutrition\/wp-json\/wp\/v2\/product"}],"about":[{"href":"https:\/\/cincuenta.com.br\/oh2nutrition\/wp-json\/wp\/v2\/types\/product"}],"replies":[{"embeddable":true,"href":"https:\/\/cincuenta.com.br\/oh2nutrition\/wp-json\/wp\/v2\/comments?post=1708"}],"wp:featuredmedia":[{"embeddable":true,"href":"https:\/\/cincuenta.com.br\/oh2nutrition\/wp-json\/wp\/v2\/media\/1665"}],"wp:attachment":[{"href":"https:\/\/cincuenta.com.br\/oh2nutrition\/wp-json\/wp\/v2\/media?parent=1708"}],"wp:term":[{"taxonomy":"product_cat","embeddable":true,"href":"https:\/\/cincuenta.com.br\/oh2nutrition\/wp-json\/wp\/v2\/product_cat?post=1708"},{"taxonomy":"product_tag","embeddable":true,"href":"https:\/\/cincuenta.com.br\/oh2nutrition\/wp-json\/wp\/v2\/product_tag?post=1708"}],"curies":[{"name":"wp","href":"https:\/\/api.w.org\/{rel}","templated":true}]}}