{"id":1707,"date":"2023-06-20T16:16:16","date_gmt":"2023-06-20T19:16:16","guid":{"rendered":"https:\/\/oh2nutrition.com.br\/?post_type=product&#038;p=1707"},"modified":"2024-11-08T17:26:22","modified_gmt":"2024-11-08T20:26:22","slug":"colageno-hidrolisado-1000mg-silicio-organico","status":"publish","type":"product","link":"https:\/\/cincuenta.com.br\/oh2nutrition\/produto\/colageno-hidrolisado-1000mg-silicio-organico\/","title":{"rendered":"COL\u00c1GENO HIDROLISADO 1000MG + SIL\u00cdCIO ORG\u00c2NICO"},"content":{"rendered":"<p>180 Tabletes<\/p>\n","protected":false},"excerpt":{"rendered":"<p>COL\u00c1GENO HIDROLISADO: \u00c9 um suplemento seguro e biodispon\u00edvel, composto essencialmente de prote\u00edna (amino\u00e1cidos), possui na sua forma hidrolisada, alta solubilidade livre de gordura e<br \/>\ncolesterol.<br \/>\nO SIL\u00cdCIO ORG\u00c2NICO \u00e9 o \u00e1cido ortosil\u00edcico estabilizado em colina. O \u00e1cido ortosil\u00edcico, derivado do sil\u00edcio, \u00e9 a forma mais simples do sil\u00edcio sol\u00favel em \u00e1gua e p<\/p>\n<p>Ingredientes<\/p>\n<p>Col\u00e1geno Hidrolisado, \u00c1cido Ortosil\u00edcico estabilizado em Cloreto de Colina (Sil\u00edcio Org\u00e2nico), antiumectantes celulose microcristalina, di\u00f3xido de sil\u00edcio e estearato de magn\u00e9sio, estabilizante croscarmelose s\u00f3dica. N\u00c3O CONT\u00c9M GL\u00daTEN.<\/p>\n<p><b>Recomenda\u00e7\u00e3o de uso<\/b><br \/>\nRECOMENDA\u00c7\u00d5ES DE USO PARA ADULTOS DO GRUPO POPULACIONAL COM IDADE MAIOR OU IGUAL A 19 ANOS: Ingerir 1 a 3 tabletes tr\u00eas vezes ao<br \/>\ndia.<\/p>\n<p><strong>Registro M.S.<\/strong><\/p>\n<p>Produto Dispensado de Registro conforme n\u00ba RDC 27\/10.<\/p>\n","protected":false},"featured_media":1664,"comment_status":"open","ping_status":"closed","template":"","meta":[],"product_cat":[148],"product_tag":[],"class_list":{"0":"post-1707","1":"product","2":"type-product","3":"status-publish","4":"has-post-thumbnail","6":"product_cat-sem-categoria","8":"first","9":"instock","10":"shipping-taxable","11":"purchasable","12":"product-type-simple"},"_links":{"self":[{"href":"https:\/\/cincuenta.com.br\/oh2nutrition\/wp-json\/wp\/v2\/product\/1707"}],"collection":[{"href":"https:\/\/cincuenta.com.br\/oh2nutrition\/wp-json\/wp\/v2\/product"}],"about":[{"href":"https:\/\/cincuenta.com.br\/oh2nutrition\/wp-json\/wp\/v2\/types\/product"}],"replies":[{"embeddable":true,"href":"https:\/\/cincuenta.com.br\/oh2nutrition\/wp-json\/wp\/v2\/comments?post=1707"}],"wp:featuredmedia":[{"embeddable":true,"href":"https:\/\/cincuenta.com.br\/oh2nutrition\/wp-json\/wp\/v2\/media\/1664"}],"wp:attachment":[{"href":"https:\/\/cincuenta.com.br\/oh2nutrition\/wp-json\/wp\/v2\/media?parent=1707"}],"wp:term":[{"taxonomy":"product_cat","embeddable":true,"href":"https:\/\/cincuenta.com.br\/oh2nutrition\/wp-json\/wp\/v2\/product_cat?post=1707"},{"taxonomy":"product_tag","embeddable":true,"href":"https:\/\/cincuenta.com.br\/oh2nutrition\/wp-json\/wp\/v2\/product_tag?post=1707"}],"curies":[{"name":"wp","href":"https:\/\/api.w.org\/{rel}","templated":true}]}}