{"id":1703,"date":"2023-06-20T16:12:27","date_gmt":"2023-06-20T19:12:27","guid":{"rendered":"https:\/\/oh2nutrition.com.br\/?post_type=product&#038;p=1703"},"modified":"2024-11-08T17:25:51","modified_gmt":"2024-11-08T20:25:51","slug":"colageno-hidrolisado-1000mg","status":"publish","type":"product","link":"https:\/\/cincuenta.com.br\/oh2nutrition\/produto\/colageno-hidrolisado-1000mg\/","title":{"rendered":"COL\u00c1GENO HIDROLISADO 1000MG"},"content":{"rendered":"<p>100 Tabletes<\/p>\n","protected":false},"excerpt":{"rendered":"<p>O Col\u00e1geno Hidrolisado 1000mg OH2 \u00e9 um suplemento seguro e biodispon\u00edvel, composto por mistura de pept\u00eddeos de col\u00e1geno derivados da degrada\u00e7\u00e3o enzim\u00e1tica do col\u00e1geno nativo da pele de animais (comumente bovino, su\u00edno ou de peixe). O processo industrial de obten\u00e7\u00e3o do Col\u00e1geno Hidrolisado \u00e9 complexo e de m\u00faltiplas etapas \u2013 incluindo hidr\u00f3lise enzim\u00e1tica \u2013 que consiste na transforma\u00e7\u00e3o do col\u00e1geno nativo, insol\u00favel e n\u00e3o diger\u00edvel em um produto sol\u00favel e diger\u00edvel. O Col\u00e1geno Hidrolisado possui atividade antioxidante, anti-hipertensiva e potencial de estimular o metabolismo de diferentes tecidos conjuntivos como cartilagem, ossos e tecido\u00a0conjuntivo da pele. Desta maneira pode atuar no\u00a0fortalecimento das articula\u00e7\u00f5es; na melhora da\u00a0firmeza e elasticidade da pele atenuando linhas de\u00a0express\u00e3o, rugas, manchas e outros sinais do\u00a0envelhecimento precoce da pele; al\u00e9m de auxiliar\u00a0no fortalecimento de unhas e cabelos.<\/p>\n<p><b>Ingredientes<\/b><br \/>\nCol\u00e1geno Hidrolisado em p\u00f3, Antiumectantes Celulose Microcristalina e Di\u00f3xido de Sil\u00edcio; Estabilizante Croscarmelose S\u00f3dica.<\/p>\n<p><b>Recomenda\u00e7\u00e3o de uso<\/b><br \/>\nIngerir 2 (dois) tabletes ao dia, preferencialmente antes da principal refei\u00e7\u00e3o. N\u00e3o cont\u00e9m gl\u00faten. Gestantes, nutrizes (m\u00e3es que amamentam) e crian\u00e7as at\u00e9 3 (tr\u00eas) anos, somente devem consumir este produto sob orienta\u00e7\u00e3o de nutricionista ou m\u00e9dico.<\/p>\n<p><b>Registro M.S.<\/b><br \/>\n6.7023.0001.001-3<\/p>\n","protected":false},"featured_media":1661,"comment_status":"open","ping_status":"closed","template":"","meta":[],"product_cat":[148],"product_tag":[],"class_list":{"0":"post-1703","1":"product","2":"type-product","3":"status-publish","4":"has-post-thumbnail","6":"product_cat-sem-categoria","8":"first","9":"instock","10":"shipping-taxable","11":"purchasable","12":"product-type-simple"},"_links":{"self":[{"href":"https:\/\/cincuenta.com.br\/oh2nutrition\/wp-json\/wp\/v2\/product\/1703"}],"collection":[{"href":"https:\/\/cincuenta.com.br\/oh2nutrition\/wp-json\/wp\/v2\/product"}],"about":[{"href":"https:\/\/cincuenta.com.br\/oh2nutrition\/wp-json\/wp\/v2\/types\/product"}],"replies":[{"embeddable":true,"href":"https:\/\/cincuenta.com.br\/oh2nutrition\/wp-json\/wp\/v2\/comments?post=1703"}],"wp:featuredmedia":[{"embeddable":true,"href":"https:\/\/cincuenta.com.br\/oh2nutrition\/wp-json\/wp\/v2\/media\/1661"}],"wp:attachment":[{"href":"https:\/\/cincuenta.com.br\/oh2nutrition\/wp-json\/wp\/v2\/media?parent=1703"}],"wp:term":[{"taxonomy":"product_cat","embeddable":true,"href":"https:\/\/cincuenta.com.br\/oh2nutrition\/wp-json\/wp\/v2\/product_cat?post=1703"},{"taxonomy":"product_tag","embeddable":true,"href":"https:\/\/cincuenta.com.br\/oh2nutrition\/wp-json\/wp\/v2\/product_tag?post=1703"}],"curies":[{"name":"wp","href":"https:\/\/api.w.org\/{rel}","templated":true}]}}