{"id":1702,"date":"2023-06-20T16:12:13","date_gmt":"2023-06-20T19:12:13","guid":{"rendered":"https:\/\/oh2nutrition.com.br\/?post_type=product&#038;p=1702"},"modified":"2024-11-08T17:26:28","modified_gmt":"2024-11-08T20:26:28","slug":"colageno-hidrolisado-500mg","status":"publish","type":"product","link":"https:\/\/cincuenta.com.br\/oh2nutrition\/produto\/colageno-hidrolisado-500mg\/","title":{"rendered":"COL\u00c1GENO HIDROLISADO 500MG"},"content":{"rendered":"<p>100 Comprimidos<\/p>\n","protected":false},"excerpt":{"rendered":"<p>O Col\u00e1geno Hidrolisado 500mg OH2 \u00e9 um suplemento seguro e biodispon\u00edvel, composto por mistura de pept\u00eddeos de col\u00e1geno derivados da degrada\u00e7\u00e3o enzim\u00e1tica do col\u00e1geno nativo da pele de animais (comumente bovino, su\u00edno ou de peixe). O processo industrial de obten\u00e7\u00e3o do Col\u00e1geno Hidrolisado \u00e9 complexo e de m\u00faltiplas etapas \u2013 incluindo hidr\u00f3lise enzim\u00e1tica \u2013 que consiste na transforma\u00e7\u00e3o do col\u00e1geno nativo, insol\u00favel e n\u00e3o diger\u00edvel em um produto sol\u00favel e diger\u00edvel. O Col\u00e1geno Hidrolisado possui atividade antioxidante, anti-hipertensiva e potencial de estimular o metabolismo de diferentes tecidos conjuntivos como cartilagem, ossos e tecido conjuntivo da pele. Desta maneira pode atuar no fortalecimento das articula\u00e7\u00f5es; na melhora da firmeza e elasticidade da pele atenuando linhas de express\u00e3o, rugas, manchas e outros sinais do envelhecimento precoce da pele; al\u00e9m de auxiliar no fortalecimento de unhas e cabelos. &gt; CONT\u00c9M 500mg de COL\u00c1GENO HIDROLISADO por comprimido.<\/p>\n<p><b>Ingredientes<\/b><br \/>\nCol\u00e1geno Hidrolisado em p\u00f3, Antiumectantes Celulose Microcristalina e Di\u00f3xido de Sil\u00edcio; Estabilizante Croscarmelose S\u00f3dica.<\/p>\n<p><b>Recomenda\u00e7\u00e3o de uso<\/b><br \/>\nIngerir 2 (dois) comprimidos duas vezes ao dia, preferencialmente antes das principais refei\u00e7\u00f5es.<\/p>\n<p><b>Registro M.S.<\/b><br \/>\n6.7023.0001.001-3<\/p>\n","protected":false},"featured_media":1659,"comment_status":"open","ping_status":"closed","template":"","meta":[],"product_cat":[148],"product_tag":[],"class_list":{"0":"post-1702","1":"product","2":"type-product","3":"status-publish","4":"has-post-thumbnail","6":"product_cat-sem-categoria","8":"first","9":"instock","10":"shipping-taxable","11":"purchasable","12":"product-type-simple"},"_links":{"self":[{"href":"https:\/\/cincuenta.com.br\/oh2nutrition\/wp-json\/wp\/v2\/product\/1702"}],"collection":[{"href":"https:\/\/cincuenta.com.br\/oh2nutrition\/wp-json\/wp\/v2\/product"}],"about":[{"href":"https:\/\/cincuenta.com.br\/oh2nutrition\/wp-json\/wp\/v2\/types\/product"}],"replies":[{"embeddable":true,"href":"https:\/\/cincuenta.com.br\/oh2nutrition\/wp-json\/wp\/v2\/comments?post=1702"}],"wp:featuredmedia":[{"embeddable":true,"href":"https:\/\/cincuenta.com.br\/oh2nutrition\/wp-json\/wp\/v2\/media\/1659"}],"wp:attachment":[{"href":"https:\/\/cincuenta.com.br\/oh2nutrition\/wp-json\/wp\/v2\/media?parent=1702"}],"wp:term":[{"taxonomy":"product_cat","embeddable":true,"href":"https:\/\/cincuenta.com.br\/oh2nutrition\/wp-json\/wp\/v2\/product_cat?post=1702"},{"taxonomy":"product_tag","embeddable":true,"href":"https:\/\/cincuenta.com.br\/oh2nutrition\/wp-json\/wp\/v2\/product_tag?post=1702"}],"curies":[{"name":"wp","href":"https:\/\/api.w.org\/{rel}","templated":true}]}}