{"id":1701,"date":"2023-06-20T16:10:55","date_gmt":"2023-06-20T19:10:55","guid":{"rendered":"https:\/\/oh2nutrition.com.br\/?post_type=product&#038;p=1701"},"modified":"2024-11-08T17:24:55","modified_gmt":"2024-11-08T20:24:55","slug":"chia-500mg","status":"publish","type":"product","link":"https:\/\/cincuenta.com.br\/oh2nutrition\/produto\/chia-500mg\/","title":{"rendered":"CHIA 500MG"},"content":{"rendered":"<p>60 C\u00e1psulas Softgel<\/p>\n","protected":false},"excerpt":{"rendered":"<p>Os altos teores de prote\u00edna e gordura da Chia prolongam a saciedade devido o retardo no esvaziamento g\u00e1strico e secre\u00e7\u00e3o de horm\u00f4nios intestinais. Rico em flavonol, estudos indicam que um alto consumo de alimentos e bebidas contendo flavonol podem proteger contra enfermidades. \u00c9 indicado para controle de peso, de colesterol e aumento das defesas do organismo. Tomar duas c\u00e1psulas antes do almo\u00e7o e do jantar, ou conforme orienta\u00e7\u00e3o de profissional habilitado.<\/p>\n<p><b>Ingredientes<\/b><br \/>\n\u00d3leo de Chia, antioxidante (tocofer\u00f3is). Composi\u00e7\u00e3o da c\u00e1psula: Gelatina e umectante glicerina.<\/p>\n<p><b>Recomenda\u00e7\u00e3o de uso<\/b><br \/>\nIngerir 4 (quatro) c\u00e1psulas ao dia, preferencialmente antes das refei\u00e7\u00f5es. N\u00e3o cont\u00e9m gl\u00faten. Gestantes, nutrizes (m\u00e3es que amamentam) e crian\u00e7as at\u00e9 3 (tr\u00eas) anos, somente devem consumir este produto sob orienta\u00e7\u00e3o de nutricionista ou m\u00e9dico.<\/p>\n<p><b>Registro M.S.<\/b><br \/>\n6.7023.0002.001-9<\/p>\n","protected":false},"featured_media":1657,"comment_status":"open","ping_status":"closed","template":"","meta":[],"product_cat":[148],"product_tag":[],"class_list":{"0":"post-1701","1":"product","2":"type-product","3":"status-publish","4":"has-post-thumbnail","6":"product_cat-sem-categoria","8":"first","9":"instock","10":"shipping-taxable","11":"purchasable","12":"product-type-simple"},"_links":{"self":[{"href":"https:\/\/cincuenta.com.br\/oh2nutrition\/wp-json\/wp\/v2\/product\/1701"}],"collection":[{"href":"https:\/\/cincuenta.com.br\/oh2nutrition\/wp-json\/wp\/v2\/product"}],"about":[{"href":"https:\/\/cincuenta.com.br\/oh2nutrition\/wp-json\/wp\/v2\/types\/product"}],"replies":[{"embeddable":true,"href":"https:\/\/cincuenta.com.br\/oh2nutrition\/wp-json\/wp\/v2\/comments?post=1701"}],"wp:featuredmedia":[{"embeddable":true,"href":"https:\/\/cincuenta.com.br\/oh2nutrition\/wp-json\/wp\/v2\/media\/1657"}],"wp:attachment":[{"href":"https:\/\/cincuenta.com.br\/oh2nutrition\/wp-json\/wp\/v2\/media?parent=1701"}],"wp:term":[{"taxonomy":"product_cat","embeddable":true,"href":"https:\/\/cincuenta.com.br\/oh2nutrition\/wp-json\/wp\/v2\/product_cat?post=1701"},{"taxonomy":"product_tag","embeddable":true,"href":"https:\/\/cincuenta.com.br\/oh2nutrition\/wp-json\/wp\/v2\/product_tag?post=1701"}],"curies":[{"name":"wp","href":"https:\/\/api.w.org\/{rel}","templated":true}]}}