{"id":1697,"date":"2023-06-20T16:07:04","date_gmt":"2023-06-20T19:07:04","guid":{"rendered":"https:\/\/oh2nutrition.com.br\/?post_type=product&#038;p=1697"},"modified":"2024-11-08T17:23:42","modified_gmt":"2024-11-08T20:23:42","slug":"cartamo-1000mg-vitamina-e","status":"publish","type":"product","link":"https:\/\/cincuenta.com.br\/oh2nutrition\/produto\/cartamo-1000mg-vitamina-e\/","title":{"rendered":"C\u00c1RTAMO 1000MG + VITAMINA E"},"content":{"rendered":"<p>60 C\u00e1psulas Softgel<\/p>\n","protected":false},"excerpt":{"rendered":"<p>Tamb\u00e9m conhecido como LA (\u00c1cido Linol\u00e9ico), contribui em regimes de perda de peso, na sa\u00fade da pele, regulariza\u00e7\u00e3o do colesterol ruim e triglicer\u00eddeos, no aumento da imunidade, metabolismo e capacidade anti-inflamat\u00f3ria. Por ser adicionado de Vitamina E, estabiliza o \u00f3leo frente sua normal degrada\u00e7\u00e3o al\u00e9m de tornar-se um poderoso antioxidante.<\/p>\n<p><b>Ingredientes<\/b><br \/>\n\u00d3leo de C\u00e1rtamo (Carthamus tinctorius), Vitamina E, gelificante gelatina e umectante glicerina.<\/p>\n<p><b>Recomenda\u00e7\u00e3o de uso<\/b><br \/>\nIngerir 2 (duas) c\u00e1psulas 2 (duas) vezes ao dia, preferencialmente antes da principal refei\u00e7\u00e3o. N\u00e3o cont\u00e9m gl\u00faten. Gestantes, nutrizes (m\u00e3es que amamentam) e crian\u00e7as at\u00e9 3 (tr\u00eas) anos, somente devem consumir este produto sob orienta\u00e7\u00e3o de nutricionista ou m\u00e9dico.<\/p>\n<p><b>Registro M.S.<\/b><br \/>\n6.7023.0005.001-5<\/p>\n","protected":false},"featured_media":1656,"comment_status":"open","ping_status":"closed","template":"","meta":[],"product_cat":[148],"product_tag":[],"class_list":{"0":"post-1697","1":"product","2":"type-product","3":"status-publish","4":"has-post-thumbnail","6":"product_cat-sem-categoria","8":"first","9":"instock","10":"shipping-taxable","11":"purchasable","12":"product-type-simple"},"_links":{"self":[{"href":"https:\/\/cincuenta.com.br\/oh2nutrition\/wp-json\/wp\/v2\/product\/1697"}],"collection":[{"href":"https:\/\/cincuenta.com.br\/oh2nutrition\/wp-json\/wp\/v2\/product"}],"about":[{"href":"https:\/\/cincuenta.com.br\/oh2nutrition\/wp-json\/wp\/v2\/types\/product"}],"replies":[{"embeddable":true,"href":"https:\/\/cincuenta.com.br\/oh2nutrition\/wp-json\/wp\/v2\/comments?post=1697"}],"wp:featuredmedia":[{"embeddable":true,"href":"https:\/\/cincuenta.com.br\/oh2nutrition\/wp-json\/wp\/v2\/media\/1656"}],"wp:attachment":[{"href":"https:\/\/cincuenta.com.br\/oh2nutrition\/wp-json\/wp\/v2\/media?parent=1697"}],"wp:term":[{"taxonomy":"product_cat","embeddable":true,"href":"https:\/\/cincuenta.com.br\/oh2nutrition\/wp-json\/wp\/v2\/product_cat?post=1697"},{"taxonomy":"product_tag","embeddable":true,"href":"https:\/\/cincuenta.com.br\/oh2nutrition\/wp-json\/wp\/v2\/product_tag?post=1697"}],"curies":[{"name":"wp","href":"https:\/\/api.w.org\/{rel}","templated":true}]}}