{"id":1692,"date":"2023-06-20T16:01:44","date_gmt":"2023-06-20T19:01:44","guid":{"rendered":"https:\/\/oh2nutrition.com.br\/?post_type=product&#038;p=1692"},"modified":"2024-11-08T17:21:28","modified_gmt":"2024-11-08T20:21:28","slug":"borragem-500mg","status":"publish","type":"product","link":"https:\/\/cincuenta.com.br\/oh2nutrition\/produto\/borragem-500mg\/","title":{"rendered":"BORRAGEM 500MG"},"content":{"rendered":"<p>30 C\u00e1psulas Softgel<\/p>\n","protected":false},"excerpt":{"rendered":"<p>Dentre seus in\u00fameros benef\u00edcios, o \u00d3leo de Borragem tem em sua composi\u00e7\u00e3o, \u00e1cidos graxos essenciais, auxiliando especialmente na manuten\u00e7\u00e3o dos sistemas circulat\u00f3rio, cardiovascular, respirat\u00f3rio, reprodutor, na sa\u00fade da pele e dermatites relacionadas. Tamb\u00e9m como coadjuvante no tratamento das s\u00edndromes pr\u00e9 e p\u00f3s menstrual.<\/p>\n<p><b>Ingredientes<\/b><br \/>\n\u00d3leo de Borragem, Gelatina farmac\u00eautica, \u00c1gua deionizada, Glicerina.<\/p>\n<p><b>Recomenda\u00e7\u00e3o de uso<\/b><br \/>\nIngerir 4 (quatro) c\u00e1psulas ao dia, e 2 (duas) c\u00e1psulas ap\u00f3s cada refei\u00e7\u00e3o. N\u00e3o cont\u00e9m gl\u00faten. Gestantes, nutrizes (m\u00e3es que amamentam) e crian\u00e7as at\u00e9 3 (tr\u00eas) anos, somente devem consumir este produto sob orienta\u00e7\u00e3o de nutricionista ou m\u00e9dico.<\/p>\n<p><b>Registro M.S.<\/b><br \/>\n6.6981.0010.001-7<\/p>\n","protected":false},"featured_media":1650,"comment_status":"open","ping_status":"closed","template":"","meta":[],"product_cat":[148],"product_tag":[],"class_list":{"0":"post-1692","1":"product","2":"type-product","3":"status-publish","4":"has-post-thumbnail","6":"product_cat-sem-categoria","8":"first","9":"instock","10":"shipping-taxable","11":"purchasable","12":"product-type-simple"},"_links":{"self":[{"href":"https:\/\/cincuenta.com.br\/oh2nutrition\/wp-json\/wp\/v2\/product\/1692"}],"collection":[{"href":"https:\/\/cincuenta.com.br\/oh2nutrition\/wp-json\/wp\/v2\/product"}],"about":[{"href":"https:\/\/cincuenta.com.br\/oh2nutrition\/wp-json\/wp\/v2\/types\/product"}],"replies":[{"embeddable":true,"href":"https:\/\/cincuenta.com.br\/oh2nutrition\/wp-json\/wp\/v2\/comments?post=1692"}],"wp:featuredmedia":[{"embeddable":true,"href":"https:\/\/cincuenta.com.br\/oh2nutrition\/wp-json\/wp\/v2\/media\/1650"}],"wp:attachment":[{"href":"https:\/\/cincuenta.com.br\/oh2nutrition\/wp-json\/wp\/v2\/media?parent=1692"}],"wp:term":[{"taxonomy":"product_cat","embeddable":true,"href":"https:\/\/cincuenta.com.br\/oh2nutrition\/wp-json\/wp\/v2\/product_cat?post=1692"},{"taxonomy":"product_tag","embeddable":true,"href":"https:\/\/cincuenta.com.br\/oh2nutrition\/wp-json\/wp\/v2\/product_tag?post=1692"}],"curies":[{"name":"wp","href":"https:\/\/api.w.org\/{rel}","templated":true}]}}