{"id":1691,"date":"2023-06-20T16:00:11","date_gmt":"2023-06-20T19:00:11","guid":{"rendered":"https:\/\/oh2nutrition.com.br\/?post_type=product&#038;p=1691"},"modified":"2024-11-08T17:21:05","modified_gmt":"2024-11-08T20:21:05","slug":"alho-500mg-2","status":"publish","type":"product","link":"https:\/\/cincuenta.com.br\/oh2nutrition\/produto\/alho-500mg-2\/","title":{"rendered":"ALHO 500MG"},"content":{"rendered":"<p>100 C\u00e1psulas Softgel<\/p>\n","protected":false},"excerpt":{"rendered":"<p>O \u00d3leo de Alho auxilia na diminui\u00e7\u00e3o da press\u00e3o arterial e dos n\u00edveis de colesterol, o que o torna um excelente cardioprotetor. Atua tamb\u00e9m no fortalecimento do sistema imunol\u00f3gico devido a presen\u00e7a de alicina, subst\u00e2ncia com elevada atividade anti-inflamat\u00f3ria e antimicrobiana. A alicina \u00e9 preservada integralmente, em fun\u00e7\u00e3o do processo de extra\u00e7\u00e3o do \u00f3leo ser \u00e0 frio.<\/p>\n<p><b>Ingredientes<\/b><br \/>\n\u00d3leo de Alho (Allium sativum), \u00d3leo de Soja, C\u00e1psula: Gelatina, Glicerina (umectante) e \u00c1gua Purificada. AL\u00c9RGICOS: CONT\u00c9M DERIVADOS DE SOJA.<\/p>\n<p><b>Recomenda\u00e7\u00e3o de uso<\/b><br \/>\nIngerir 1 (uma) c\u00e1psula 3 (tr\u00eas) vezes ao dia, preferencialmente antes das principais refei\u00e7\u00f5es. N\u00e3o cont\u00e9m gl\u00faten. Gestantes, nutrizes (m\u00e3es que amamentam) e crian\u00e7as at\u00e9 3 (tr\u00eas) anos, somente devem consumir este produto sob orienta\u00e7\u00e3o de nutricionista ou m\u00e9dico.<\/p>\n<p><b>Registro M.S.<\/b><br \/>\n6.6701.0005.001-1<\/p>\n","protected":false},"featured_media":1649,"comment_status":"open","ping_status":"closed","template":"","meta":[],"product_cat":[148],"product_tag":[],"class_list":{"0":"post-1691","1":"product","2":"type-product","3":"status-publish","4":"has-post-thumbnail","6":"product_cat-sem-categoria","8":"first","9":"instock","10":"shipping-taxable","11":"purchasable","12":"product-type-simple"},"_links":{"self":[{"href":"https:\/\/cincuenta.com.br\/oh2nutrition\/wp-json\/wp\/v2\/product\/1691"}],"collection":[{"href":"https:\/\/cincuenta.com.br\/oh2nutrition\/wp-json\/wp\/v2\/product"}],"about":[{"href":"https:\/\/cincuenta.com.br\/oh2nutrition\/wp-json\/wp\/v2\/types\/product"}],"replies":[{"embeddable":true,"href":"https:\/\/cincuenta.com.br\/oh2nutrition\/wp-json\/wp\/v2\/comments?post=1691"}],"wp:featuredmedia":[{"embeddable":true,"href":"https:\/\/cincuenta.com.br\/oh2nutrition\/wp-json\/wp\/v2\/media\/1649"}],"wp:attachment":[{"href":"https:\/\/cincuenta.com.br\/oh2nutrition\/wp-json\/wp\/v2\/media?parent=1691"}],"wp:term":[{"taxonomy":"product_cat","embeddable":true,"href":"https:\/\/cincuenta.com.br\/oh2nutrition\/wp-json\/wp\/v2\/product_cat?post=1691"},{"taxonomy":"product_tag","embeddable":true,"href":"https:\/\/cincuenta.com.br\/oh2nutrition\/wp-json\/wp\/v2\/product_tag?post=1691"}],"curies":[{"name":"wp","href":"https:\/\/api.w.org\/{rel}","templated":true}]}}