{"id":1645,"date":"2023-06-20T10:05:20","date_gmt":"2023-06-20T13:05:20","guid":{"rendered":"https:\/\/oh2nutrition.com.br\/?post_type=product&#038;p=1645"},"modified":"2024-11-08T17:20:34","modified_gmt":"2024-11-08T20:20:34","slug":"acido-hialuronico-150mg-2","status":"publish","type":"product","link":"https:\/\/cincuenta.com.br\/oh2nutrition\/produto\/acido-hialuronico-150mg-2\/","title":{"rendered":"\u00c1CIDO HIALUR\u00d4NICO 150MG"},"content":{"rendered":"<p>60 comprimidos<\/p>\n","protected":false},"excerpt":{"rendered":"<p>O \u00c1CIDO HIALUR\u00d4NICO \u00e9 um polissacar\u00eddeo da fam\u00edlia dos glicosaminoglicanos (GAGs), presente no tecido conjuntivo dos humanos que, com o passar dos anos diminui sua quantidade no organismo, acelerando a forma\u00e7\u00e3o de rugas e diminuindo a elasticidade e hidrata\u00e7\u00e3o da pele.<\/p>\n<p><strong>Ingredientes<\/strong><\/p>\n<p>\u00c1cido Hialur\u00f4nico (Hialuronato de S\u00f3dio obtido pela fermenta\u00e7\u00e3o de Streptococcus zooepidemicus), antiumectantes celulose microcristalina, carbonato de c\u00e1lcio, di\u00f3xido de sil\u00edcio e estearato de magn\u00e9sio, estabilizante croscarmelose s\u00f3dica. N\u00c3O CONT\u00c9M GL\u00daTEN.<\/p>\n<p><b>Recomenda\u00e7\u00e3o de uso<\/b><\/p>\n<p>RECOMENDA\u00c7\u00d5ES DE USO PARA ADULTOS DO GRUPO POPULACIONAL COM IDADE MAIOR OU IGUAL A 19 ANOS: Ingerir 1 comprimido ao dia.<\/p>\n<p><strong>Registro M.S.<\/strong><\/p>\n<p>Produto Dispensado de Registro conforme n\u00ba RDC 27\/10.<\/p>\n","protected":false},"featured_media":1646,"comment_status":"open","ping_status":"closed","template":"","meta":[],"product_cat":[148],"product_tag":[],"class_list":{"0":"post-1645","1":"product","2":"type-product","3":"status-publish","4":"has-post-thumbnail","6":"product_cat-sem-categoria","8":"first","9":"instock","10":"shipping-taxable","11":"purchasable","12":"product-type-simple"},"_links":{"self":[{"href":"https:\/\/cincuenta.com.br\/oh2nutrition\/wp-json\/wp\/v2\/product\/1645"}],"collection":[{"href":"https:\/\/cincuenta.com.br\/oh2nutrition\/wp-json\/wp\/v2\/product"}],"about":[{"href":"https:\/\/cincuenta.com.br\/oh2nutrition\/wp-json\/wp\/v2\/types\/product"}],"replies":[{"embeddable":true,"href":"https:\/\/cincuenta.com.br\/oh2nutrition\/wp-json\/wp\/v2\/comments?post=1645"}],"wp:featuredmedia":[{"embeddable":true,"href":"https:\/\/cincuenta.com.br\/oh2nutrition\/wp-json\/wp\/v2\/media\/1646"}],"wp:attachment":[{"href":"https:\/\/cincuenta.com.br\/oh2nutrition\/wp-json\/wp\/v2\/media?parent=1645"}],"wp:term":[{"taxonomy":"product_cat","embeddable":true,"href":"https:\/\/cincuenta.com.br\/oh2nutrition\/wp-json\/wp\/v2\/product_cat?post=1645"},{"taxonomy":"product_tag","embeddable":true,"href":"https:\/\/cincuenta.com.br\/oh2nutrition\/wp-json\/wp\/v2\/product_tag?post=1645"}],"curies":[{"name":"wp","href":"https:\/\/api.w.org\/{rel}","templated":true}]}}